{"id":39068,"date":"2023-03-14T12:05:43","date_gmt":"2023-03-14T11:05:43","guid":{"rendered":"https:\/\/prestige-e.com\/product\/dessous-de-verre-en-forme-de-puzzle\/"},"modified":"2025-11-27T13:26:33","modified_gmt":"2025-11-27T12:26:33","slug":"dessous-de-verre-en-forme-de-puzzle","status":"publish","type":"product","link":"https:\/\/prestige-e.com\/fr\/produit\/dessous-de-verre-en-forme-de-puzzle\/","title":{"rendered":"Dessous de verre en forme de puzzle"},"content":{"rendered":"","protected":false},"excerpt":{"rendered":"<p>Ensemble de 4 dessous de verre en bambou en forme de puzzle. Peuvent \u00eatre utilis\u00e9s s\u00e9par\u00e9ment ou assembl\u00e9s pour former un dessous de plat. Le bambou \u00e9tant un produit naturel, il peut y avoir de l\u00e9g\u00e8res variations de couleur et de taille par article, ce qui peut affecter le r\u00e9sultat final de la d\u00e9coration.  <\/p>\n<p><strong><u>Dimension<\/u><\/strong> : 21 x 21 x 0,5 cm<\/p>\n<p>Mat\u00e9riau: Bambou et ABS<\/p>\n","protected":false},"featured_media":39069,"comment_status":"closed","ping_status":"closed","template":"","meta":{"inline_featured_image":false},"product_brand":[],"product_cat":[174,211,152,220],"product_tag":[],"class_list":{"0":"post-39068","1":"product","2":"type-product","3":"status-publish","4":"has-post-thumbnail","6":"product_cat-art-de-vivre","7":"product_cat-articles-pour-la-maison-ecologie","8":"product_cat-ecologie","9":"product_cat-salon-cuisine-art-de-vivre","11":"first","12":"instock","13":"shipping-taxable","14":"purchasable","15":"product-type-simple"},"aioseo_notices":[],"_links":{"self":[{"href":"https:\/\/prestige-e.com\/fr\/wp-json\/wp\/v2\/product\/39068","targetHints":{"allow":["GET"]}}],"collection":[{"href":"https:\/\/prestige-e.com\/fr\/wp-json\/wp\/v2\/product"}],"about":[{"href":"https:\/\/prestige-e.com\/fr\/wp-json\/wp\/v2\/types\/product"}],"replies":[{"embeddable":true,"href":"https:\/\/prestige-e.com\/fr\/wp-json\/wp\/v2\/comments?post=39068"}],"wp:featuredmedia":[{"embeddable":true,"href":"https:\/\/prestige-e.com\/fr\/wp-json\/wp\/v2\/media\/39069"}],"wp:attachment":[{"href":"https:\/\/prestige-e.com\/fr\/wp-json\/wp\/v2\/media?parent=39068"}],"wp:term":[{"taxonomy":"product_brand","embeddable":true,"href":"https:\/\/prestige-e.com\/fr\/wp-json\/wp\/v2\/product_brand?post=39068"},{"taxonomy":"product_cat","embeddable":true,"href":"https:\/\/prestige-e.com\/fr\/wp-json\/wp\/v2\/product_cat?post=39068"},{"taxonomy":"product_tag","embeddable":true,"href":"https:\/\/prestige-e.com\/fr\/wp-json\/wp\/v2\/product_tag?post=39068"}],"curies":[{"name":"wp","href":"https:\/\/api.w.org\/{rel}","templated":true}]}}