{"id":39064,"date":"2023-03-14T14:25:20","date_gmt":"2023-03-14T13:25:20","guid":{"rendered":"https:\/\/prestige-e.com\/product\/seau-a-glace\/"},"modified":"2025-11-27T13:26:31","modified_gmt":"2025-11-27T12:26:31","slug":"seau-a-glace","status":"publish","type":"product","link":"https:\/\/prestige-e.com\/fr\/produit\/seau-a-glace\/","title":{"rendered":"Seau \u00e0 glace"},"content":{"rendered":"","protected":false},"excerpt":{"rendered":"<p>Seau \u00e0 glace isotherme \u00e0 double paroi en acier inoxydable avec couvercle en bambou et pince \u00e0 gla\u00e7ons. Capacit\u00e9 : 1200 ml.  Le bambou \u00e9tant un produit naturel, de l\u00e9g\u00e8res variations de couleur et de taille peuvent appara\u00eetre selon les articles, ce qui peut affecter le r\u00e9sultat final de la d\u00e9coration.<\/p>\n<p><strong><u>Dimensions<\/u><\/strong> : 13,5 x 17 cm<\/p>\n<p><strong><u>Mat\u00e9riau<\/u><\/strong> : acier inoxydable<\/p>\n","protected":false},"featured_media":39065,"comment_status":"closed","ping_status":"closed","template":"","meta":{"inline_featured_image":false},"product_brand":[],"product_cat":[174,220],"product_tag":[],"class_list":{"0":"post-39064","1":"product","2":"type-product","3":"status-publish","4":"has-post-thumbnail","6":"product_cat-art-de-vivre","7":"product_cat-salon-cuisine-art-de-vivre","9":"first","10":"instock","11":"shipping-taxable","12":"purchasable","13":"product-type-simple"},"aioseo_notices":[],"_links":{"self":[{"href":"https:\/\/prestige-e.com\/fr\/wp-json\/wp\/v2\/product\/39064","targetHints":{"allow":["GET"]}}],"collection":[{"href":"https:\/\/prestige-e.com\/fr\/wp-json\/wp\/v2\/product"}],"about":[{"href":"https:\/\/prestige-e.com\/fr\/wp-json\/wp\/v2\/types\/product"}],"replies":[{"embeddable":true,"href":"https:\/\/prestige-e.com\/fr\/wp-json\/wp\/v2\/comments?post=39064"}],"wp:featuredmedia":[{"embeddable":true,"href":"https:\/\/prestige-e.com\/fr\/wp-json\/wp\/v2\/media\/39065"}],"wp:attachment":[{"href":"https:\/\/prestige-e.com\/fr\/wp-json\/wp\/v2\/media?parent=39064"}],"wp:term":[{"taxonomy":"product_brand","embeddable":true,"href":"https:\/\/prestige-e.com\/fr\/wp-json\/wp\/v2\/product_brand?post=39064"},{"taxonomy":"product_cat","embeddable":true,"href":"https:\/\/prestige-e.com\/fr\/wp-json\/wp\/v2\/product_cat?post=39064"},{"taxonomy":"product_tag","embeddable":true,"href":"https:\/\/prestige-e.com\/fr\/wp-json\/wp\/v2\/product_tag?post=39064"}],"curies":[{"name":"wp","href":"https:\/\/api.w.org\/{rel}","templated":true}]}}