{"id":39061,"date":"2023-03-14T12:53:59","date_gmt":"2023-03-14T11:53:59","guid":{"rendered":"https:\/\/prestige-e.com\/product\/planche-a-pain-en-bambou-et-ensemble-de-couteaux\/"},"modified":"2025-11-27T13:26:31","modified_gmt":"2025-11-27T12:26:31","slug":"planche-a-pain-en-bambou-et-ensemble-de-couteaux","status":"publish","type":"product","link":"https:\/\/prestige-e.com\/fr\/produit\/planche-a-pain-en-bambou-et-ensemble-de-couteaux\/","title":{"rendered":"Planche \u00e0 pain en bambou et ensemble de couteaux"},"content":{"rendered":"","protected":false},"excerpt":{"rendered":"<p>Planche \u00e0 pain en bambou et ensemble de couteaux. Comprenant une planche \u00e0 d\u00e9couper et un couteau \u00e0 pain en acier inoxydable avec manche en bambou. Le bambou est un produit naturel, il peut y avoir de l\u2019eau l\u00e9g\u00e8res variations de couleur et de taille par article, ce qui peut affecter le r\u00e9sultat final de la d\u00e9coration. Certifi\u00e9 FSC\u00ae | FSC 100 %, N5.7, FSC-C213206   <\/p>\n<p><strong><u>Dimension<\/u><\/strong>&nbsp;: 35,5 x 23,5 x 1 cm<\/p>\n<p>Mat\u00e9riau: Bambou et ABS<\/p>\n","protected":false},"featured_media":39062,"comment_status":"closed","ping_status":"closed","template":"","meta":{"inline_featured_image":false},"product_brand":[],"product_cat":[174,211,152,220],"product_tag":[],"class_list":{"0":"post-39061","1":"product","2":"type-product","3":"status-publish","4":"has-post-thumbnail","6":"product_cat-art-de-vivre","7":"product_cat-articles-pour-la-maison-ecologie","8":"product_cat-ecologie","9":"product_cat-salon-cuisine-art-de-vivre","11":"first","12":"instock","13":"shipping-taxable","14":"purchasable","15":"product-type-simple"},"aioseo_notices":[],"_links":{"self":[{"href":"https:\/\/prestige-e.com\/fr\/wp-json\/wp\/v2\/product\/39061","targetHints":{"allow":["GET"]}}],"collection":[{"href":"https:\/\/prestige-e.com\/fr\/wp-json\/wp\/v2\/product"}],"about":[{"href":"https:\/\/prestige-e.com\/fr\/wp-json\/wp\/v2\/types\/product"}],"replies":[{"embeddable":true,"href":"https:\/\/prestige-e.com\/fr\/wp-json\/wp\/v2\/comments?post=39061"}],"wp:featuredmedia":[{"embeddable":true,"href":"https:\/\/prestige-e.com\/fr\/wp-json\/wp\/v2\/media\/39062"}],"wp:attachment":[{"href":"https:\/\/prestige-e.com\/fr\/wp-json\/wp\/v2\/media?parent=39061"}],"wp:term":[{"taxonomy":"product_brand","embeddable":true,"href":"https:\/\/prestige-e.com\/fr\/wp-json\/wp\/v2\/product_brand?post=39061"},{"taxonomy":"product_cat","embeddable":true,"href":"https:\/\/prestige-e.com\/fr\/wp-json\/wp\/v2\/product_cat?post=39061"},{"taxonomy":"product_tag","embeddable":true,"href":"https:\/\/prestige-e.com\/fr\/wp-json\/wp\/v2\/product_tag?post=39061"}],"curies":[{"name":"wp","href":"https:\/\/api.w.org\/{rel}","templated":true}]}}