{"id":39056,"date":"2023-03-14T12:33:16","date_gmt":"2023-03-14T11:33:16","guid":{"rendered":"https:\/\/prestige-e.com\/product\/amchur-dessous-de-verre-en-bambou-avec-decapsuleur\/"},"modified":"2025-11-27T13:26:32","modified_gmt":"2025-11-27T12:26:32","slug":"amchur-dessous-de-verre-en-bambou-avec-decapsuleur","status":"publish","type":"product","link":"https:\/\/prestige-e.com\/fr\/produit\/amchur-dessous-de-verre-en-bambou-avec-decapsuleur\/","title":{"rendered":"AMCHUR. Dessous de verre en bambou avec d\u00e9capsuleur"},"content":{"rendered":"","protected":false},"excerpt":{"rendered":"<p>Dessous de verre magn\u00e9tique en bambou avec d\u00e9capsuleur int\u00e9gr\u00e9. Le produit \u00e9tant fabriqu\u00e9 \u00e0 partir de mat\u00e9riaux naturels, la couleur et la qualit\u00e9 d&rsquo;impression peuvent l\u00e9g\u00e8rement varier. <\/p>\n<p><strong><u>Dimensions<\/u><\/strong> : 1,1 x 6,5 cm<\/p>\n<p>Mat\u00e9riau: Bambou et ABS<\/p>\n","protected":false},"featured_media":39059,"comment_status":"closed","ping_status":"closed","template":"","meta":{"inline_featured_image":false},"product_brand":[],"product_cat":[174,211,152,220],"product_tag":[],"class_list":{"0":"post-39056","1":"product","2":"type-product","3":"status-publish","4":"has-post-thumbnail","6":"product_cat-art-de-vivre","7":"product_cat-articles-pour-la-maison-ecologie","8":"product_cat-ecologie","9":"product_cat-salon-cuisine-art-de-vivre","11":"first","12":"instock","13":"shipping-taxable","14":"purchasable","15":"product-type-simple"},"aioseo_notices":[],"_links":{"self":[{"href":"https:\/\/prestige-e.com\/fr\/wp-json\/wp\/v2\/product\/39056","targetHints":{"allow":["GET"]}}],"collection":[{"href":"https:\/\/prestige-e.com\/fr\/wp-json\/wp\/v2\/product"}],"about":[{"href":"https:\/\/prestige-e.com\/fr\/wp-json\/wp\/v2\/types\/product"}],"replies":[{"embeddable":true,"href":"https:\/\/prestige-e.com\/fr\/wp-json\/wp\/v2\/comments?post=39056"}],"wp:featuredmedia":[{"embeddable":true,"href":"https:\/\/prestige-e.com\/fr\/wp-json\/wp\/v2\/media\/39059"}],"wp:attachment":[{"href":"https:\/\/prestige-e.com\/fr\/wp-json\/wp\/v2\/media?parent=39056"}],"wp:term":[{"taxonomy":"product_brand","embeddable":true,"href":"https:\/\/prestige-e.com\/fr\/wp-json\/wp\/v2\/product_brand?post=39056"},{"taxonomy":"product_cat","embeddable":true,"href":"https:\/\/prestige-e.com\/fr\/wp-json\/wp\/v2\/product_cat?post=39056"},{"taxonomy":"product_tag","embeddable":true,"href":"https:\/\/prestige-e.com\/fr\/wp-json\/wp\/v2\/product_tag?post=39056"}],"curies":[{"name":"wp","href":"https:\/\/api.w.org\/{rel}","templated":true}]}}