{"id":39053,"date":"2023-03-14T12:21:26","date_gmt":"2023-03-14T11:21:26","guid":{"rendered":"https:\/\/prestige-e.com\/product\/planche-de-service-horizontale-vinga-buscot\/"},"modified":"2025-11-27T13:26:32","modified_gmt":"2025-11-27T12:26:32","slug":"planche-de-service-horizontale-vinga-buscot","status":"publish","type":"product","link":"https:\/\/prestige-e.com\/fr\/produit\/planche-de-service-horizontale-vinga-buscot\/","title":{"rendered":"Planche de service horizontale VINGA buscot"},"content":{"rendered":"","protected":false},"excerpt":{"rendered":"<p>Planche \u00e0 d\u00e9couper\/servir \u00e9l\u00e9gante qui \u00e9gayera n&rsquo;importe quelle cuisine. La planche \u00e0 d\u00e9couper est fabriqu\u00e9e en teck certifi\u00e9 FSC\u00ae et pr\u00e9sente une belle teinte de bois allant du dor\u00e9 au brun moyen qui s&rsquo;assombrit avec le temps. La planche a une teneur \u00e9lev\u00e9e en huile qui la rend tr\u00e8s r\u00e9sistante \u00e0 la d\u00e9composition. \u00c9quip\u00e9e d&rsquo;une poign\u00e9e robuste qui permet de la d\u00e9placer facilement de la cuisine \u00e0 la table.   <\/p>\n<p><strong><u>Dimension<\/u><\/strong> : 34 x 29 x 1,8 cm<\/p>\n<p><strong><u>Mat\u00e9riau<\/u><\/strong> : Bois<\/p>\n","protected":false},"featured_media":39054,"comment_status":"closed","ping_status":"closed","template":"","meta":{"inline_featured_image":false},"product_brand":[],"product_cat":[174,211,152,220],"product_tag":[],"class_list":{"0":"post-39053","1":"product","2":"type-product","3":"status-publish","4":"has-post-thumbnail","6":"product_cat-art-de-vivre","7":"product_cat-articles-pour-la-maison-ecologie","8":"product_cat-ecologie","9":"product_cat-salon-cuisine-art-de-vivre","11":"first","12":"instock","13":"shipping-taxable","14":"purchasable","15":"product-type-simple"},"aioseo_notices":[],"_links":{"self":[{"href":"https:\/\/prestige-e.com\/fr\/wp-json\/wp\/v2\/product\/39053","targetHints":{"allow":["GET"]}}],"collection":[{"href":"https:\/\/prestige-e.com\/fr\/wp-json\/wp\/v2\/product"}],"about":[{"href":"https:\/\/prestige-e.com\/fr\/wp-json\/wp\/v2\/types\/product"}],"replies":[{"embeddable":true,"href":"https:\/\/prestige-e.com\/fr\/wp-json\/wp\/v2\/comments?post=39053"}],"wp:featuredmedia":[{"embeddable":true,"href":"https:\/\/prestige-e.com\/fr\/wp-json\/wp\/v2\/media\/39054"}],"wp:attachment":[{"href":"https:\/\/prestige-e.com\/fr\/wp-json\/wp\/v2\/media?parent=39053"}],"wp:term":[{"taxonomy":"product_brand","embeddable":true,"href":"https:\/\/prestige-e.com\/fr\/wp-json\/wp\/v2\/product_brand?post=39053"},{"taxonomy":"product_cat","embeddable":true,"href":"https:\/\/prestige-e.com\/fr\/wp-json\/wp\/v2\/product_cat?post=39053"},{"taxonomy":"product_tag","embeddable":true,"href":"https:\/\/prestige-e.com\/fr\/wp-json\/wp\/v2\/product_tag?post=39053"}],"curies":[{"name":"wp","href":"https:\/\/api.w.org\/{rel}","templated":true}]}}