{"id":39045,"date":"2023-03-14T14:32:10","date_gmt":"2023-03-14T13:32:10","guid":{"rendered":"https:\/\/prestige-e.com\/product\/spice-700-bouteille-en-verre-borosilicate-de-700-ml-avec-bouchon-en-liege\/"},"modified":"2025-11-27T13:26:30","modified_gmt":"2025-11-27T12:26:30","slug":"spice-700-bouteille-en-verre-borosilicate-de-700-ml-avec-bouchon-en-liege","status":"publish","type":"product","link":"https:\/\/prestige-e.com\/fr\/produit\/spice-700-bouteille-en-verre-borosilicate-de-700-ml-avec-bouchon-en-liege\/","title":{"rendered":"SPICE 700. Bouteille en verre borosilicate de 700 ml avec bouchon en li\u00e8ge"},"content":{"rendered":"","protected":false},"excerpt":{"rendered":"<p>Bouteille en verre borosilicate avec bouchon en li\u00e8ge. Capacit\u00e9 jusqu&rsquo;\u00e0 700 ml. Livr\u00e9e dans une bo\u00eete artisanale. Le produit \u00e9tant fabriqu\u00e9 \u00e0 partir de mat\u00e9riaux naturels, la couleur et la qualit\u00e9 d&rsquo;impression peuvent varier l\u00e9g\u00e8rement d&rsquo;une bouteille \u00e0 l&rsquo;autre.   <\/p>\n<p><strong><u>Dimension<\/u><\/strong> : 9,5 x 11 cm<\/p>\n<p><strong><u>Mat\u00e9riau<\/u><\/strong> : verre<\/p>\n","protected":false},"featured_media":39050,"comment_status":"closed","ping_status":"closed","template":"","meta":{"inline_featured_image":false},"product_brand":[],"product_cat":[174,220],"product_tag":[],"class_list":{"0":"post-39045","1":"product","2":"type-product","3":"status-publish","4":"has-post-thumbnail","6":"product_cat-art-de-vivre","7":"product_cat-salon-cuisine-art-de-vivre","9":"first","10":"instock","11":"shipping-taxable","12":"purchasable","13":"product-type-simple"},"aioseo_notices":[],"_links":{"self":[{"href":"https:\/\/prestige-e.com\/fr\/wp-json\/wp\/v2\/product\/39045","targetHints":{"allow":["GET"]}}],"collection":[{"href":"https:\/\/prestige-e.com\/fr\/wp-json\/wp\/v2\/product"}],"about":[{"href":"https:\/\/prestige-e.com\/fr\/wp-json\/wp\/v2\/types\/product"}],"replies":[{"embeddable":true,"href":"https:\/\/prestige-e.com\/fr\/wp-json\/wp\/v2\/comments?post=39045"}],"wp:featuredmedia":[{"embeddable":true,"href":"https:\/\/prestige-e.com\/fr\/wp-json\/wp\/v2\/media\/39050"}],"wp:attachment":[{"href":"https:\/\/prestige-e.com\/fr\/wp-json\/wp\/v2\/media?parent=39045"}],"wp:term":[{"taxonomy":"product_brand","embeddable":true,"href":"https:\/\/prestige-e.com\/fr\/wp-json\/wp\/v2\/product_brand?post=39045"},{"taxonomy":"product_cat","embeddable":true,"href":"https:\/\/prestige-e.com\/fr\/wp-json\/wp\/v2\/product_cat?post=39045"},{"taxonomy":"product_tag","embeddable":true,"href":"https:\/\/prestige-e.com\/fr\/wp-json\/wp\/v2\/product_tag?post=39045"}],"curies":[{"name":"wp","href":"https:\/\/api.w.org\/{rel}","templated":true}]}}