{"id":39042,"date":"2021-05-20T10:20:07","date_gmt":"2021-05-20T08:20:07","guid":{"rendered":"https:\/\/prestige-e.com\/product\/la-pochette-le-pliage\/"},"modified":"2025-11-27T13:27:06","modified_gmt":"2025-11-27T12:27:06","slug":"la-pochette-le-pliage","status":"publish","type":"product","link":"https:\/\/prestige-e.com\/fr\/produit\/la-pochette-le-pliage\/","title":{"rendered":"La pochette Le Pliage"},"content":{"rendered":"","protected":false},"excerpt":{"rendered":"<div class=\"lv-product-features\">\n<div class=\"lv-expandable-panel -minimal-height\">\n<div id=\"read-more\" class=\"lv-expandable-panel__content\" aria-hidden=\"false\">\n<div class=\"lv-product-features\">\n<div class=\"lv-expandable-panel -minimal-height\">\n<div id=\"read-more\" class=\"lv-expandable-panel__content\" aria-hidden=\"false\">\n<div class=\"lv-product-features\">\n<div class=\"lv-expandable-panel -minimal-height\">\n<div id=\"read-more\" class=\"lv-expandable-panel__content\" aria-hidden=\"false\">\n<div class=\"lv-product-features\">\n<div class=\"lv-expandable-panel -minimal-height\">\n<div id=\"read-more\" class=\"lv-expandable-panel__content\" aria-hidden=\"false\">\n<div class=\"lv-expandable-panel -minimal-height\">\n<div id=\"read-more\" class=\"lv-expandable-panel__content\" aria-hidden=\"false\">\n<div class=\"lv-product-description\">\n<div class=\"lv-expandable-panel -minimal-height\">\n<div id=\"read-more\" class=\"lv-expandable-panel__content\" aria-hidden=\"false\">\n<div class=\"lv-expandable-panel -minimal-height\">\n<div id=\"read-more\" class=\"lv-expandable-panel__content\" aria-hidden=\"false\">\n<div class=\"lv-expandable-panel -minimal-height\">\n<div class=\"product-meet-family\">\n<div class=\"product-description\">\n<div class=\"ff-light fs-m lh-1-5\">\n<div class=\"ff-light fs-m lh-1-5\"><\/div>\n<div class=\"c-toggler\">Disponible dans les 6 coloris du FILET PLIAGE, cette petite pochette mi-cuir garde vos essentiels \u00e0 port\u00e9e de main. Longchamp s&rsquo;associe pour une   <span id=\"read-more-1\" class=\"read-more__content js-readmore\" data-label--more=\"Lire plus\" data-label--less=\"Lire moins\" aria-hidden=\"true\">collaboration avec FILT, le plus ancien fabricant de filets \u00e0 provisions fran\u00e7ais. L&rsquo;objectif : revisiter avec style le c\u00e9l\u00e8bre filet \u00e0 provisions de nos grands-m\u00e8res en coton tricot\u00e9. Fabriqu\u00e9 en Normandie depuis 1860, dans cette version unique, il s&rsquo;orne d&rsquo;anses en cuir Longchamp. R\u00e9invent\u00e9 et r\u00e9interpr\u00e9t\u00e9 de mani\u00e8re r\u00e9solument raffin\u00e9e, ce produit r\u00e9unit deux ic\u00f4nes fran\u00e7aises. Les esprits cr\u00e9atifs des deux maisons ont phosphor\u00e9 pour imaginer ensemble le plus chic des sacs de courses. Le filet s&rsquo;orne d&rsquo;un rabat et des c\u00e9l\u00e8bres anses Le Pliage, en cuir de Russie. Cette collaboration, \u00e0 la fois ludique et pratique, rend \u00e9galement un clin d&rsquo;\u0153il et un bel hommage au Made in France et \u00e0 deux sacs essentiels chers au c\u0153ur des Fran\u00e7ais. Un futur collector aussi indispensable que compact.       <\/span><\/div>\n<p>&nbsp;<\/p>\n<\/div>\n<\/div>\n<p><strong>Si vous \u00eates int\u00e9ress\u00e9 par d&rsquo;autres produits Longchamp, veuillez nous en faire part.<\/strong><\/p>\n<p><strong>Minimum order quantity required for this product:<\/strong><\/p>\n<\/div>\n<\/div>\n<\/div>\n<\/div>\n<\/div>\n<\/div>\n<\/div>\n<\/div>\n<\/div>\n<\/div>\n<\/div>\n<\/div>\n<\/div>\n<\/div>\n<\/div>\n<\/div>\n<\/div>\n<\/div>\n<\/div>\n<\/div>\n<\/div>\n","protected":false},"featured_media":39044,"comment_status":"closed","ping_status":"closed","template":"","meta":{"inline_featured_image":false},"product_brand":[],"product_cat":[199,221],"product_tag":[],"class_list":{"0":"post-39042","1":"product","2":"type-product","3":"status-publish","4":"has-post-thumbnail","6":"product_cat-longchamp","7":"product_cat-petits-produits","9":"first","10":"instock","11":"shipping-taxable","12":"purchasable","13":"product-type-simple"},"aioseo_notices":[],"_links":{"self":[{"href":"https:\/\/prestige-e.com\/fr\/wp-json\/wp\/v2\/product\/39042","targetHints":{"allow":["GET"]}}],"collection":[{"href":"https:\/\/prestige-e.com\/fr\/wp-json\/wp\/v2\/product"}],"about":[{"href":"https:\/\/prestige-e.com\/fr\/wp-json\/wp\/v2\/types\/product"}],"replies":[{"embeddable":true,"href":"https:\/\/prestige-e.com\/fr\/wp-json\/wp\/v2\/comments?post=39042"}],"wp:featuredmedia":[{"embeddable":true,"href":"https:\/\/prestige-e.com\/fr\/wp-json\/wp\/v2\/media\/39044"}],"wp:attachment":[{"href":"https:\/\/prestige-e.com\/fr\/wp-json\/wp\/v2\/media?parent=39042"}],"wp:term":[{"taxonomy":"product_brand","embeddable":true,"href":"https:\/\/prestige-e.com\/fr\/wp-json\/wp\/v2\/product_brand?post=39042"},{"taxonomy":"product_cat","embeddable":true,"href":"https:\/\/prestige-e.com\/fr\/wp-json\/wp\/v2\/product_cat?post=39042"},{"taxonomy":"product_tag","embeddable":true,"href":"https:\/\/prestige-e.com\/fr\/wp-json\/wp\/v2\/product_tag?post=39042"}],"curies":[{"name":"wp","href":"https:\/\/api.w.org\/{rel}","templated":true}]}}