{"id":39037,"date":"2022-02-03T10:58:28","date_gmt":"2022-02-03T09:58:28","guid":{"rendered":"https:\/\/prestige-e.com\/product\/tapis-padma\/"},"modified":"2025-11-27T13:27:00","modified_gmt":"2025-11-27T12:27:00","slug":"tapis-padma","status":"publish","type":"product","link":"https:\/\/prestige-e.com\/fr\/produit\/tapis-padma\/","title":{"rendered":"Tapis padma"},"content":{"rendered":"","protected":false},"excerpt":{"rendered":"<p>Tapis de yoga et d&rsquo;activit\u00e9s de la ligne Nature. Fabriqu\u00e9 en li\u00e8ge naturel r\u00e9sistant, avec base antid\u00e9rapante en TPE. Dimensions 60&#215;180 cm, avec poign\u00e9e de transport et pr\u00e9sent\u00e9 dans un \u00e9l\u00e9gant \u00e9tui \u00e9co-con\u00e7u individuel, avec illustrations d&rsquo;exercices.  <\/p>\n<p><strong><u>Dimensions<\/u><\/strong> : 60 x 180 cm<\/p>\n<p><strong><u>Mat\u00e9riau<\/u><\/strong> : Li\u00e8ge et TPE<\/p>\n","protected":false},"featured_media":39039,"comment_status":"closed","ping_status":"closed","template":"","meta":{"inline_featured_image":false},"product_brand":[],"product_cat":[218,174],"product_tag":[],"class_list":{"0":"post-39037","1":"product","2":"type-product","3":"status-publish","4":"has-post-thumbnail","6":"product_cat-accessoires-art-de-vivre","7":"product_cat-art-de-vivre","9":"first","10":"instock","11":"shipping-taxable","12":"purchasable","13":"product-type-simple"},"aioseo_notices":[],"_links":{"self":[{"href":"https:\/\/prestige-e.com\/fr\/wp-json\/wp\/v2\/product\/39037","targetHints":{"allow":["GET"]}}],"collection":[{"href":"https:\/\/prestige-e.com\/fr\/wp-json\/wp\/v2\/product"}],"about":[{"href":"https:\/\/prestige-e.com\/fr\/wp-json\/wp\/v2\/types\/product"}],"replies":[{"embeddable":true,"href":"https:\/\/prestige-e.com\/fr\/wp-json\/wp\/v2\/comments?post=39037"}],"wp:featuredmedia":[{"embeddable":true,"href":"https:\/\/prestige-e.com\/fr\/wp-json\/wp\/v2\/media\/39039"}],"wp:attachment":[{"href":"https:\/\/prestige-e.com\/fr\/wp-json\/wp\/v2\/media?parent=39037"}],"wp:term":[{"taxonomy":"product_brand","embeddable":true,"href":"https:\/\/prestige-e.com\/fr\/wp-json\/wp\/v2\/product_brand?post=39037"},{"taxonomy":"product_cat","embeddable":true,"href":"https:\/\/prestige-e.com\/fr\/wp-json\/wp\/v2\/product_cat?post=39037"},{"taxonomy":"product_tag","embeddable":true,"href":"https:\/\/prestige-e.com\/fr\/wp-json\/wp\/v2\/product_tag?post=39037"}],"curies":[{"name":"wp","href":"https:\/\/api.w.org\/{rel}","templated":true}]}}