{"id":39031,"date":"2021-05-21T08:35:42","date_gmt":"2021-05-21T06:35:42","guid":{"rendered":"https:\/\/prestige-e.com\/product\/valise-cabine-boxford\/"},"modified":"2025-11-27T13:27:03","modified_gmt":"2025-11-27T12:27:03","slug":"valise-cabine-boxford","status":"publish","type":"product","link":"https:\/\/prestige-e.com\/fr\/produit\/valise-cabine-boxford\/","title":{"rendered":"Valise cabine Boxford"},"content":{"rendered":"","protected":false},"excerpt":{"rendered":"<div class=\"lv-product-features\">\n<div class=\"lv-expandable-panel -minimal-height\">\n<div id=\"read-more\" class=\"lv-expandable-panel__content\" aria-hidden=\"false\">\n<div class=\"lv-product-features\">\n<div class=\"lv-expandable-panel -minimal-height\">\n<div id=\"read-more\" class=\"lv-expandable-panel__content\" aria-hidden=\"false\">\n<div class=\"lv-product-features\">\n<div class=\"lv-expandable-panel -minimal-height\">\n<div id=\"read-more\" class=\"lv-expandable-panel__content\" aria-hidden=\"false\">\n<div class=\"lv-product-features\">\n<div class=\"lv-expandable-panel -minimal-height\">\n<div id=\"read-more\" class=\"lv-expandable-panel__content\" aria-hidden=\"false\">\n<div class=\"lv-expandable-panel -minimal-height\">\n<div id=\"read-more\" class=\"lv-expandable-panel__content\" aria-hidden=\"false\">\n<div class=\"lv-product-description\">\n<div class=\"lv-expandable-panel -minimal-height\">\n<div id=\"read-more\" class=\"lv-expandable-panel__content\" aria-hidden=\"false\">\n<div class=\"lv-expandable-panel -minimal-height\">\n<div id=\"read-more\" class=\"lv-expandable-panel__content\" aria-hidden=\"false\">\n<div class=\"lv-expandable-panel -minimal-height\">\n<div class=\"product-meet-family\">\n<div class=\"ff-light fs-m lh-1-5\">\n<p class=\"read-more pb-3\">Cette valise \u00e0 roulettes est \u00e9l\u00e9gante et discr\u00e8te. Id\u00e9ale pour les courts s\u00e9jours, elle accueille vos essentiels dans son g\u00e9n\u00e9reux espace de rangement. Ligne <span id=\"read-more-1\" class=\"read-more__content js-readmore\" data-label--more=\"Lire plus\" data-label--less=\"Lire moins\" aria-hidden=\"true\">iconique<\/span> <span id=\"read-more-1\" class=\"read-more__content js-readmore\" data-label--more=\"Lire plus\" data-label--less=\"Lire moins\" aria-hidden=\"true\">de la Maison, BOXFORD incarne l&rsquo;\u00e9l\u00e9gance discr\u00e8te. Sobres et distinctifs, ses mod\u00e8les de sacs et bagages pour homme et business sont orn\u00e9s d&rsquo;un marquage Longchamp rectangulaire gaufr\u00e9 dans le cuir et de surpiq\u00fbres contrast\u00e9es, pour un look raffin\u00e9. Cette toile bicolore est agr\u00e9ment\u00e9e d&rsquo;une garniture en cuir de Russie, pour un effet de relief riche.<\/span> <\/p>\n<\/div>\n<div class=\"c-toggler\"><\/div>\n<p>&nbsp;<\/p>\n<p><strong>Si vous \u00eates int\u00e9ress\u00e9 par d&rsquo;autres produits Longchamp, veuillez nous en informer.<\/p>\n<p>Quantit\u00e9 minimale de commande requise pour ce produit :<\/strong><\/p>\n<\/div>\n<\/div>\n<\/div>\n<\/div>\n<\/div>\n<\/div>\n<\/div>\n<\/div>\n<\/div>\n<\/div>\n<\/div>\n<\/div>\n<\/div>\n<\/div>\n<\/div>\n<\/div>\n<\/div>\n<\/div>\n<\/div>\n<\/div>\n<\/div>\n","protected":false},"featured_media":39034,"comment_status":"closed","ping_status":"closed","template":"","meta":{"inline_featured_image":false},"product_brand":[],"product_cat":[199,200],"product_tag":[],"class_list":{"0":"post-39031","1":"product","2":"type-product","3":"status-publish","4":"has-post-thumbnail","6":"product_cat-longchamp","7":"product_cat-voyage-2","9":"first","10":"instock","11":"shipping-taxable","12":"purchasable","13":"product-type-simple"},"aioseo_notices":[],"_links":{"self":[{"href":"https:\/\/prestige-e.com\/fr\/wp-json\/wp\/v2\/product\/39031","targetHints":{"allow":["GET"]}}],"collection":[{"href":"https:\/\/prestige-e.com\/fr\/wp-json\/wp\/v2\/product"}],"about":[{"href":"https:\/\/prestige-e.com\/fr\/wp-json\/wp\/v2\/types\/product"}],"replies":[{"embeddable":true,"href":"https:\/\/prestige-e.com\/fr\/wp-json\/wp\/v2\/comments?post=39031"}],"wp:featuredmedia":[{"embeddable":true,"href":"https:\/\/prestige-e.com\/fr\/wp-json\/wp\/v2\/media\/39034"}],"wp:attachment":[{"href":"https:\/\/prestige-e.com\/fr\/wp-json\/wp\/v2\/media?parent=39031"}],"wp:term":[{"taxonomy":"product_brand","embeddable":true,"href":"https:\/\/prestige-e.com\/fr\/wp-json\/wp\/v2\/product_brand?post=39031"},{"taxonomy":"product_cat","embeddable":true,"href":"https:\/\/prestige-e.com\/fr\/wp-json\/wp\/v2\/product_cat?post=39031"},{"taxonomy":"product_tag","embeddable":true,"href":"https:\/\/prestige-e.com\/fr\/wp-json\/wp\/v2\/product_tag?post=39031"}],"curies":[{"name":"wp","href":"https:\/\/api.w.org\/{rel}","templated":true}]}}