{"id":39022,"date":"2023-03-15T08:02:41","date_gmt":"2023-03-15T07:02:41","guid":{"rendered":"https:\/\/prestige-e.com\/product\/set-dejeuner\/"},"modified":"2025-11-27T13:26:30","modified_gmt":"2025-11-27T12:26:30","slug":"set-dejeuner","status":"publish","type":"product","link":"https:\/\/prestige-e.com\/fr\/produit\/set-dejeuner\/","title":{"rendered":"Set d\u00e9jeuner"},"content":{"rendered":"","protected":false},"excerpt":{"rendered":"<p>Set d\u00e9jeuner pr\u00e9sent\u00e9 dans un sac en n\u00e9opr\u00e8ne. Comprend une bouteille isotherme en acier inoxydable \u00e0 double paroi (500 ml), une bo\u00eete d\u00e9jeuner (600 ml) et des couverts dans une pochette en n\u00e9opr\u00e8ne zipp\u00e9e. <\/p>\n<p><strong><u>Dimensions<\/u><\/strong> : 27 x 13 x 27 cm<\/p>\n<p><strong><u>Mat\u00e9riau<\/u><\/strong> : acier inoxydable<\/p>\n","protected":false},"featured_media":39023,"comment_status":"closed","ping_status":"closed","template":"","meta":{"inline_featured_image":false},"product_brand":[],"product_cat":[174,220],"product_tag":[],"class_list":{"0":"post-39022","1":"product","2":"type-product","3":"status-publish","4":"has-post-thumbnail","6":"product_cat-art-de-vivre","7":"product_cat-salon-cuisine-art-de-vivre","9":"first","10":"instock","11":"shipping-taxable","12":"purchasable","13":"product-type-simple"},"aioseo_notices":[],"_links":{"self":[{"href":"https:\/\/prestige-e.com\/fr\/wp-json\/wp\/v2\/product\/39022","targetHints":{"allow":["GET"]}}],"collection":[{"href":"https:\/\/prestige-e.com\/fr\/wp-json\/wp\/v2\/product"}],"about":[{"href":"https:\/\/prestige-e.com\/fr\/wp-json\/wp\/v2\/types\/product"}],"replies":[{"embeddable":true,"href":"https:\/\/prestige-e.com\/fr\/wp-json\/wp\/v2\/comments?post=39022"}],"wp:featuredmedia":[{"embeddable":true,"href":"https:\/\/prestige-e.com\/fr\/wp-json\/wp\/v2\/media\/39023"}],"wp:attachment":[{"href":"https:\/\/prestige-e.com\/fr\/wp-json\/wp\/v2\/media?parent=39022"}],"wp:term":[{"taxonomy":"product_brand","embeddable":true,"href":"https:\/\/prestige-e.com\/fr\/wp-json\/wp\/v2\/product_brand?post=39022"},{"taxonomy":"product_cat","embeddable":true,"href":"https:\/\/prestige-e.com\/fr\/wp-json\/wp\/v2\/product_cat?post=39022"},{"taxonomy":"product_tag","embeddable":true,"href":"https:\/\/prestige-e.com\/fr\/wp-json\/wp\/v2\/product_tag?post=39022"}],"curies":[{"name":"wp","href":"https:\/\/api.w.org\/{rel}","templated":true}]}}