{"id":39015,"date":"2023-03-15T08:40:04","date_gmt":"2023-03-15T07:40:04","guid":{"rendered":"https:\/\/prestige-e.com\/product\/haut-parleur-sans-fil-3w-en-plastique-recycle-rcs-et-bambou\/"},"modified":"2025-11-27T13:26:29","modified_gmt":"2025-11-27T12:26:29","slug":"haut-parleur-sans-fil-3w-en-plastique-recycle-rcs-et-bambou","status":"publish","type":"product","link":"https:\/\/prestige-e.com\/fr\/produit\/haut-parleur-sans-fil-3w-en-plastique-recycle-rcs-et-bambou\/","title":{"rendered":"Haut-parleur sans fil 3W en plastique recycl\u00e9 RCS et bambou"},"content":{"rendered":"","protected":false},"excerpt":{"rendered":"<p>Haut-parleur sans fil 3W avec bo\u00eetier en bambou FSC\u00ae 100% et ABS recycl\u00e9 certifi\u00e9 RCS (Recycled Claim Standard). Contenu total recycl\u00e9 : 16% du poids total de l&rsquo;article. La certification RCS garantit une cha\u00eene d&rsquo;approvisionnement enti\u00e8rement certifi\u00e9e des mat\u00e9riaux recycl\u00e9s. Le haut-parleur dispose d&rsquo;une lumi\u00e8re int\u00e9gr\u00e9e \u00e0 sa base. Il est \u00e9quip\u00e9 d&rsquo;une batterie de 300 mAh assurant jusqu&rsquo;\u00e0 3 heures d&rsquo;autonomie et du BT4.1 pour une connexion fluide et un son clair. Port\u00e9e de connexion jusqu&rsquo;\u00e0 10 m\u00e8tres. Avec microphone pour r\u00e9pondre aux appels. Emball\u00e9 dans une bo\u00eete FSC mix FSC\u00ae. C\u00e2ble de charge en TPE recycl\u00e9 certifi\u00e9 RCS inclus. Article et accessoires 100% sans PVC.         <\/p>\n<p><strong><u>Dimensions<\/u><\/strong> : 7,4 x 4,3 cm<\/p>\n<p><strong><u>Mat\u00e9riau<\/u><\/strong> : ABS recycl\u00e9<\/p>\n","protected":false},"featured_media":39021,"comment_status":"closed","ping_status":"closed","template":"","meta":{"inline_featured_image":false},"product_brand":[],"product_cat":[175,214,223,174,152,189],"product_tag":[],"class_list":{"0":"post-39015","1":"product","2":"type-product","3":"status-publish","4":"has-post-thumbnail","6":"product_cat-appareils-art-de-vivre","7":"product_cat-appareils-ecologie","8":"product_cat-appareils-voyage","9":"product_cat-art-de-vivre","10":"product_cat-ecologie","11":"product_cat-voyage","13":"first","14":"instock","15":"shipping-taxable","16":"purchasable","17":"product-type-simple"},"aioseo_notices":[],"_links":{"self":[{"href":"https:\/\/prestige-e.com\/fr\/wp-json\/wp\/v2\/product\/39015","targetHints":{"allow":["GET"]}}],"collection":[{"href":"https:\/\/prestige-e.com\/fr\/wp-json\/wp\/v2\/product"}],"about":[{"href":"https:\/\/prestige-e.com\/fr\/wp-json\/wp\/v2\/types\/product"}],"replies":[{"embeddable":true,"href":"https:\/\/prestige-e.com\/fr\/wp-json\/wp\/v2\/comments?post=39015"}],"wp:featuredmedia":[{"embeddable":true,"href":"https:\/\/prestige-e.com\/fr\/wp-json\/wp\/v2\/media\/39021"}],"wp:attachment":[{"href":"https:\/\/prestige-e.com\/fr\/wp-json\/wp\/v2\/media?parent=39015"}],"wp:term":[{"taxonomy":"product_brand","embeddable":true,"href":"https:\/\/prestige-e.com\/fr\/wp-json\/wp\/v2\/product_brand?post=39015"},{"taxonomy":"product_cat","embeddable":true,"href":"https:\/\/prestige-e.com\/fr\/wp-json\/wp\/v2\/product_cat?post=39015"},{"taxonomy":"product_tag","embeddable":true,"href":"https:\/\/prestige-e.com\/fr\/wp-json\/wp\/v2\/product_tag?post=39015"}],"curies":[{"name":"wp","href":"https:\/\/api.w.org\/{rel}","templated":true}]}}