{"id":39014,"date":"2023-03-15T07:51:27","date_gmt":"2023-03-15T06:51:27","guid":{"rendered":"https:\/\/prestige-e.com\/product\/mug-isotherme-loret\/"},"modified":"2025-11-27T13:26:30","modified_gmt":"2025-11-27T12:26:30","slug":"mug-isotherme-loret","status":"publish","type":"product","link":"https:\/\/prestige-e.com\/fr\/produit\/mug-isotherme-loret\/","title":{"rendered":"Mug isotherme Loret"},"content":{"rendered":"","protected":false},"excerpt":{"rendered":"<p>Mug isotherme fabriqu\u00e9 en acier inoxydable \u00e0 double paroi d&rsquo;une capacit\u00e9 de 330 ml avec une finition mate. Dot\u00e9 d&rsquo;un distributeur dans le couvercle, sans BPA, et muni d&rsquo;une base en li\u00e8ge naturel. Il est id\u00e9al pour votre bureau, votre table ou toute surface o\u00f9 vous pouvez savourer confortablement votre boisson pr\u00e9f\u00e9r\u00e9e.  <\/p>\n<p><strong><u>Dimension<\/u><\/strong> : 8,8 x 11,7 cm<\/p>\n<p><strong><u>Mat\u00e9riau<\/u><\/strong> : acier inoxydable et li\u00e8ge<\/p>\n","protected":false},"featured_media":39018,"comment_status":"closed","ping_status":"closed","template":"","meta":{"inline_featured_image":false},"product_brand":[],"product_cat":[174,188,190],"product_tag":[],"class_list":{"0":"post-39014","1":"product","2":"type-product","3":"status-publish","4":"has-post-thumbnail","6":"product_cat-art-de-vivre","7":"product_cat-bouteilles-mugs-lifestyle","8":"product_cat-bouteilles-mugs-voyage","10":"first","11":"instock","12":"shipping-taxable","13":"purchasable","14":"product-type-simple"},"aioseo_notices":[],"_links":{"self":[{"href":"https:\/\/prestige-e.com\/fr\/wp-json\/wp\/v2\/product\/39014","targetHints":{"allow":["GET"]}}],"collection":[{"href":"https:\/\/prestige-e.com\/fr\/wp-json\/wp\/v2\/product"}],"about":[{"href":"https:\/\/prestige-e.com\/fr\/wp-json\/wp\/v2\/types\/product"}],"replies":[{"embeddable":true,"href":"https:\/\/prestige-e.com\/fr\/wp-json\/wp\/v2\/comments?post=39014"}],"wp:featuredmedia":[{"embeddable":true,"href":"https:\/\/prestige-e.com\/fr\/wp-json\/wp\/v2\/media\/39018"}],"wp:attachment":[{"href":"https:\/\/prestige-e.com\/fr\/wp-json\/wp\/v2\/media?parent=39014"}],"wp:term":[{"taxonomy":"product_brand","embeddable":true,"href":"https:\/\/prestige-e.com\/fr\/wp-json\/wp\/v2\/product_brand?post=39014"},{"taxonomy":"product_cat","embeddable":true,"href":"https:\/\/prestige-e.com\/fr\/wp-json\/wp\/v2\/product_cat?post=39014"},{"taxonomy":"product_tag","embeddable":true,"href":"https:\/\/prestige-e.com\/fr\/wp-json\/wp\/v2\/product_tag?post=39014"}],"curies":[{"name":"wp","href":"https:\/\/api.w.org\/{rel}","templated":true}]}}