{"id":39011,"date":"2023-03-15T08:35:34","date_gmt":"2023-03-15T07:35:34","guid":{"rendered":"https:\/\/prestige-e.com\/product\/bocal-en-acier-inoxydable\/"},"modified":"2025-11-27T13:26:29","modified_gmt":"2025-11-27T12:26:29","slug":"bocal-en-acier-inoxydable","status":"publish","type":"product","link":"https:\/\/prestige-e.com\/fr\/produit\/bocal-en-acier-inoxydable\/","title":{"rendered":"Bocal en acier inoxydable"},"content":{"rendered":"","protected":false},"excerpt":{"rendered":"<p>Bocal de conservation isotherme \u00e0 double paroi en acier inoxydable avec couvercle \u00e0 vis et base en li\u00e8ge. Cuill\u00e8re incluse. Capacit\u00e9 : 400 ml. Le li\u00e8ge est un mat\u00e9riau 100 % naturel. En raison de sa structure et de sa porosit\u00e9 de surface, le r\u00e9sultat final de l&rsquo;impression peut pr\u00e9senter des variations selon les articles.    <\/p>\n<p><strong><u>Dimensions<\/u><\/strong> : 8 x 15 cm<\/p>\n<p><strong><u>Mat\u00e9riau<\/u><\/strong> : acier inoxydable<\/p>\n","protected":false},"featured_media":39012,"comment_status":"closed","ping_status":"closed","template":"","meta":{"inline_featured_image":false},"product_brand":[],"product_cat":[174,188,190,189],"product_tag":[],"class_list":{"0":"post-39011","1":"product","2":"type-product","3":"status-publish","4":"has-post-thumbnail","6":"product_cat-art-de-vivre","7":"product_cat-bouteilles-mugs-lifestyle","8":"product_cat-bouteilles-mugs-voyage","9":"product_cat-voyage","11":"first","12":"instock","13":"shipping-taxable","14":"purchasable","15":"product-type-simple"},"aioseo_notices":[],"_links":{"self":[{"href":"https:\/\/prestige-e.com\/fr\/wp-json\/wp\/v2\/product\/39011","targetHints":{"allow":["GET"]}}],"collection":[{"href":"https:\/\/prestige-e.com\/fr\/wp-json\/wp\/v2\/product"}],"about":[{"href":"https:\/\/prestige-e.com\/fr\/wp-json\/wp\/v2\/types\/product"}],"replies":[{"embeddable":true,"href":"https:\/\/prestige-e.com\/fr\/wp-json\/wp\/v2\/comments?post=39011"}],"wp:featuredmedia":[{"embeddable":true,"href":"https:\/\/prestige-e.com\/fr\/wp-json\/wp\/v2\/media\/39012"}],"wp:attachment":[{"href":"https:\/\/prestige-e.com\/fr\/wp-json\/wp\/v2\/media?parent=39011"}],"wp:term":[{"taxonomy":"product_brand","embeddable":true,"href":"https:\/\/prestige-e.com\/fr\/wp-json\/wp\/v2\/product_brand?post=39011"},{"taxonomy":"product_cat","embeddable":true,"href":"https:\/\/prestige-e.com\/fr\/wp-json\/wp\/v2\/product_cat?post=39011"},{"taxonomy":"product_tag","embeddable":true,"href":"https:\/\/prestige-e.com\/fr\/wp-json\/wp\/v2\/product_tag?post=39011"}],"curies":[{"name":"wp","href":"https:\/\/api.w.org\/{rel}","templated":true}]}}