{"id":39008,"date":"2023-03-15T03:31:20","date_gmt":"2023-03-15T02:31:20","guid":{"rendered":"https:\/\/prestige-e.com\/product\/mug-en-pp-recycle-certifie-grs-avec-couvercle-en-bambou\/"},"modified":"2025-11-27T13:26:30","modified_gmt":"2025-11-27T12:26:30","slug":"mug-en-pp-recycle-certifie-grs-avec-couvercle-en-bambou","status":"publish","type":"product","link":"https:\/\/prestige-e.com\/fr\/produit\/mug-en-pp-recycle-certifie-grs-avec-couvercle-en-bambou\/","title":{"rendered":"Mug en PP recycl\u00e9 certifi\u00e9 GRS avec couvercle en bambou"},"content":{"rendered":"","protected":false},"excerpt":{"rendered":"<p>Ce magnifique gobelet avec couvercle en bambou est fabriqu\u00e9 en PP recycl\u00e9 certifi\u00e9 GRS. La certification GRS garantit une cha\u00eene d&rsquo;approvisionnement enti\u00e8rement certifi\u00e9e des mat\u00e9riaux recycl\u00e9s. Le gobelet est dot\u00e9 d&rsquo;un couvercle en bambou pour une utilisation nomade. Contenu total recycl\u00e9 : 52 % du poids total de l&rsquo;article. Sans BPA. Capacit\u00e9 300 ml. Une bo\u00eete kraft certifi\u00e9e FSC\u00ae est incluse.      <\/p>\n<p><strong><u>Dimension<\/u><\/strong> : 8,2 x 12,6 cm<\/p>\n<p><strong><u>Mat\u00e9riau<\/u><\/strong> : polypropyl\u00e8ne recycl\u00e9 et bambou<\/p>\n","protected":false},"featured_media":39009,"comment_status":"closed","ping_status":"closed","template":"","meta":{"inline_featured_image":false},"product_brand":[],"product_cat":[174,213,188,152],"product_tag":[],"class_list":{"0":"post-39008","1":"product","2":"type-product","3":"status-publish","4":"has-post-thumbnail","6":"product_cat-art-de-vivre","7":"product_cat-bouteilles-mugs-ecologie","8":"product_cat-bouteilles-mugs-lifestyle","9":"product_cat-ecologie","11":"first","12":"instock","13":"shipping-taxable","14":"purchasable","15":"product-type-simple"},"aioseo_notices":[],"_links":{"self":[{"href":"https:\/\/prestige-e.com\/fr\/wp-json\/wp\/v2\/product\/39008","targetHints":{"allow":["GET"]}}],"collection":[{"href":"https:\/\/prestige-e.com\/fr\/wp-json\/wp\/v2\/product"}],"about":[{"href":"https:\/\/prestige-e.com\/fr\/wp-json\/wp\/v2\/types\/product"}],"replies":[{"embeddable":true,"href":"https:\/\/prestige-e.com\/fr\/wp-json\/wp\/v2\/comments?post=39008"}],"wp:featuredmedia":[{"embeddable":true,"href":"https:\/\/prestige-e.com\/fr\/wp-json\/wp\/v2\/media\/39009"}],"wp:attachment":[{"href":"https:\/\/prestige-e.com\/fr\/wp-json\/wp\/v2\/media?parent=39008"}],"wp:term":[{"taxonomy":"product_brand","embeddable":true,"href":"https:\/\/prestige-e.com\/fr\/wp-json\/wp\/v2\/product_brand?post=39008"},{"taxonomy":"product_cat","embeddable":true,"href":"https:\/\/prestige-e.com\/fr\/wp-json\/wp\/v2\/product_cat?post=39008"},{"taxonomy":"product_tag","embeddable":true,"href":"https:\/\/prestige-e.com\/fr\/wp-json\/wp\/v2\/product_tag?post=39008"}],"curies":[{"name":"wp","href":"https:\/\/api.w.org\/{rel}","templated":true}]}}