{"id":39003,"date":"2023-03-15T08:26:20","date_gmt":"2023-03-15T07:26:20","guid":{"rendered":"https:\/\/prestige-e.com\/product\/constellation-mug-en-ceramique-370-ml\/"},"modified":"2025-11-27T13:26:29","modified_gmt":"2025-11-27T12:26:29","slug":"constellation-mug-en-ceramique-370-ml","status":"publish","type":"product","link":"https:\/\/prestige-e.com\/fr\/produit\/constellation-mug-en-ceramique-370-ml\/","title":{"rendered":"CONSTELLATION. Mug en c\u00e9ramique 370 ml"},"content":{"rendered":"","protected":false},"excerpt":{"rendered":"<p>Mug en c\u00e9ramique avec finition mate et ext\u00e9rieur \u00e0 effet rustique. Capacit\u00e9 jusqu&rsquo;\u00e0 370 ml. Livr\u00e9 dans une bo\u00eete cadeau en papier kraft. Le mug passe au lave-vaisselle et r\u00e9siste \u00e0 au moins 125 cycles de lavage (impression comprise) conform\u00e9ment \u00e0 la norme EN12875-1.   <\/p>\n<p><strong><u>Dimension<\/u><\/strong> : 8,5 x 8,5 cm<\/p>\n<p><strong><u>Mat\u00e9riau<\/u><\/strong> : c\u00e9ramique<\/p>\n","protected":false},"featured_media":39006,"comment_status":"closed","ping_status":"closed","template":"","meta":{"inline_featured_image":false},"product_brand":[],"product_cat":[174,188],"product_tag":[],"class_list":{"0":"post-39003","1":"product","2":"type-product","3":"status-publish","4":"has-post-thumbnail","6":"product_cat-art-de-vivre","7":"product_cat-bouteilles-mugs-lifestyle","9":"first","10":"instock","11":"shipping-taxable","12":"purchasable","13":"product-type-simple"},"aioseo_notices":[],"_links":{"self":[{"href":"https:\/\/prestige-e.com\/fr\/wp-json\/wp\/v2\/product\/39003","targetHints":{"allow":["GET"]}}],"collection":[{"href":"https:\/\/prestige-e.com\/fr\/wp-json\/wp\/v2\/product"}],"about":[{"href":"https:\/\/prestige-e.com\/fr\/wp-json\/wp\/v2\/types\/product"}],"replies":[{"embeddable":true,"href":"https:\/\/prestige-e.com\/fr\/wp-json\/wp\/v2\/comments?post=39003"}],"wp:featuredmedia":[{"embeddable":true,"href":"https:\/\/prestige-e.com\/fr\/wp-json\/wp\/v2\/media\/39006"}],"wp:attachment":[{"href":"https:\/\/prestige-e.com\/fr\/wp-json\/wp\/v2\/media?parent=39003"}],"wp:term":[{"taxonomy":"product_brand","embeddable":true,"href":"https:\/\/prestige-e.com\/fr\/wp-json\/wp\/v2\/product_brand?post=39003"},{"taxonomy":"product_cat","embeddable":true,"href":"https:\/\/prestige-e.com\/fr\/wp-json\/wp\/v2\/product_cat?post=39003"},{"taxonomy":"product_tag","embeddable":true,"href":"https:\/\/prestige-e.com\/fr\/wp-json\/wp\/v2\/product_tag?post=39003"}],"curies":[{"name":"wp","href":"https:\/\/api.w.org\/{rel}","templated":true}]}}