{"id":39000,"date":"2023-03-14T14:35:19","date_gmt":"2023-03-14T13:35:19","guid":{"rendered":"https:\/\/prestige-e.com\/product\/bouteille-en-verre-avec-pochette-en-silicone-et-couvercle-en-bambou\/"},"modified":"2025-11-27T13:26:30","modified_gmt":"2025-11-27T12:26:30","slug":"bouteille-en-verre-avec-pochette-en-silicone-et-couvercle-en-bambou","status":"publish","type":"product","link":"https:\/\/prestige-e.com\/fr\/produit\/bouteille-en-verre-avec-pochette-en-silicone-et-couvercle-en-bambou\/","title":{"rendered":"Bouteille en verre avec pochette en silicone et couvercle en bambou"},"content":{"rendered":"","protected":false},"excerpt":{"rendered":"<p>Bouteille en verre avec pochette en silicone et couvercle en bambou avec dragonne en coton. Ne convient pas aux boissons gazeuses. \u00c9tanche. Capacit\u00e9 : 500 ml. Le bambou est un produit naturel, il peut y avoir de l\u00e9g\u00e8res variations de couleur et de taille par article, ce qui peut affecter le r\u00e9sultat final de la d\u00e9coration.    <\/p>\n<p><strong><u>Dimensions<\/u><\/strong> : 23 x 6,5 cm<\/p>\n<p><strong><u>Mat\u00e9riau<\/u><\/strong> : verre sodocalcique<\/p>\n","protected":false},"featured_media":39001,"comment_status":"closed","ping_status":"closed","template":"","meta":{"inline_featured_image":false},"product_brand":[],"product_cat":[174,188,190,189],"product_tag":[],"class_list":{"0":"post-39000","1":"product","2":"type-product","3":"status-publish","4":"has-post-thumbnail","6":"product_cat-art-de-vivre","7":"product_cat-bouteilles-mugs-lifestyle","8":"product_cat-bouteilles-mugs-voyage","9":"product_cat-voyage","11":"first","12":"instock","13":"shipping-taxable","14":"purchasable","15":"product-type-simple"},"aioseo_notices":[],"_links":{"self":[{"href":"https:\/\/prestige-e.com\/fr\/wp-json\/wp\/v2\/product\/39000","targetHints":{"allow":["GET"]}}],"collection":[{"href":"https:\/\/prestige-e.com\/fr\/wp-json\/wp\/v2\/product"}],"about":[{"href":"https:\/\/prestige-e.com\/fr\/wp-json\/wp\/v2\/types\/product"}],"replies":[{"embeddable":true,"href":"https:\/\/prestige-e.com\/fr\/wp-json\/wp\/v2\/comments?post=39000"}],"wp:featuredmedia":[{"embeddable":true,"href":"https:\/\/prestige-e.com\/fr\/wp-json\/wp\/v2\/media\/39001"}],"wp:attachment":[{"href":"https:\/\/prestige-e.com\/fr\/wp-json\/wp\/v2\/media?parent=39000"}],"wp:term":[{"taxonomy":"product_brand","embeddable":true,"href":"https:\/\/prestige-e.com\/fr\/wp-json\/wp\/v2\/product_brand?post=39000"},{"taxonomy":"product_cat","embeddable":true,"href":"https:\/\/prestige-e.com\/fr\/wp-json\/wp\/v2\/product_cat?post=39000"},{"taxonomy":"product_tag","embeddable":true,"href":"https:\/\/prestige-e.com\/fr\/wp-json\/wp\/v2\/product_tag?post=39000"}],"curies":[{"name":"wp","href":"https:\/\/api.w.org\/{rel}","templated":true}]}}