{"id":38993,"date":"2023-03-15T08:16:11","date_gmt":"2023-03-15T07:16:11","guid":{"rendered":"https:\/\/prestige-e.com\/product\/bouteille-nowsly\/"},"modified":"2025-11-27T13:26:29","modified_gmt":"2025-11-27T12:26:29","slug":"bouteille-nowsly","status":"publish","type":"product","link":"https:\/\/prestige-e.com\/fr\/produit\/bouteille-nowsly\/","title":{"rendered":"Bouteille nowsly"},"content":{"rendered":"","protected":false},"excerpt":{"rendered":"<p>Bouteille multifonctionnelle de la gamme nature d&rsquo;une capacit\u00e9 de 450 ml. Corps en verre, avec bande centrale en bambou. Comprend un bouchon viss\u00e9 en bambou avec support pour smartphone int\u00e9gr\u00e9. Pr\u00e9sent\u00e9e dans une bo\u00eete individuelle au design \u00e9cologique.   <\/p>\n<p><strong><u>Dimension<\/u><\/strong> : 17,3 x 7,4 cm<\/p>\n<p><strong><u>Mat\u00e9riau<\/u><\/strong> : verre et bambou<\/p>\n","protected":false},"featured_media":38998,"comment_status":"closed","ping_status":"closed","template":"","meta":{"inline_featured_image":false},"product_brand":[],"product_cat":[218,174,146,188,178],"product_tag":[],"class_list":{"0":"post-38993","1":"product","2":"type-product","3":"status-publish","4":"has-post-thumbnail","6":"product_cat-accessoires-art-de-vivre","7":"product_cat-art-de-vivre","8":"product_cat-articles-de-bureau","9":"product_cat-bouteilles-mugs-lifestyle","10":"product_cat-bureau-articles-de-bureau","12":"first","13":"instock","14":"shipping-taxable","15":"purchasable","16":"product-type-simple"},"aioseo_notices":[],"_links":{"self":[{"href":"https:\/\/prestige-e.com\/fr\/wp-json\/wp\/v2\/product\/38993","targetHints":{"allow":["GET"]}}],"collection":[{"href":"https:\/\/prestige-e.com\/fr\/wp-json\/wp\/v2\/product"}],"about":[{"href":"https:\/\/prestige-e.com\/fr\/wp-json\/wp\/v2\/types\/product"}],"replies":[{"embeddable":true,"href":"https:\/\/prestige-e.com\/fr\/wp-json\/wp\/v2\/comments?post=38993"}],"wp:featuredmedia":[{"embeddable":true,"href":"https:\/\/prestige-e.com\/fr\/wp-json\/wp\/v2\/media\/38998"}],"wp:attachment":[{"href":"https:\/\/prestige-e.com\/fr\/wp-json\/wp\/v2\/media?parent=38993"}],"wp:term":[{"taxonomy":"product_brand","embeddable":true,"href":"https:\/\/prestige-e.com\/fr\/wp-json\/wp\/v2\/product_brand?post=38993"},{"taxonomy":"product_cat","embeddable":true,"href":"https:\/\/prestige-e.com\/fr\/wp-json\/wp\/v2\/product_cat?post=38993"},{"taxonomy":"product_tag","embeddable":true,"href":"https:\/\/prestige-e.com\/fr\/wp-json\/wp\/v2\/product_tag?post=38993"}],"curies":[{"name":"wp","href":"https:\/\/api.w.org\/{rel}","templated":true}]}}