{"id":38984,"date":"2021-05-19T14:34:23","date_gmt":"2021-05-19T12:34:23","guid":{"rendered":"https:\/\/prestige-e.com\/product\/bonnet-de-protection\/"},"modified":"2025-11-27T13:27:06","modified_gmt":"2025-11-27T12:27:06","slug":"bonnet-de-protection","status":"publish","type":"product","link":"https:\/\/prestige-e.com\/fr\/produit\/bonnet-de-protection\/","title":{"rendered":"Bonnet de protection"},"content":{"rendered":"","protected":false},"excerpt":{"rendered":"<p>Bonnet de protection m\u00e9dicale l\u00e9ger et doux.<\/p>\n<p><strong>Mat\u00e9riau :<\/strong> SS 45 g et film PP+PE 45 g et rev\u00eatement PP+PE 63 g et SMS 45 g.<br \/>\n<strong>Utilisation<\/strong> : Il est utilis\u00e9 pour l&rsquo;isolation g\u00e9n\u00e9rale et les salles m\u00e9dicales.<\/p>\n","protected":false},"featured_media":38985,"comment_status":"closed","ping_status":"closed","template":"","meta":{"inline_featured_image":false},"product_brand":[],"product_cat":[172,173],"product_tag":[],"class_list":{"0":"post-38984","1":"product","2":"type-product","3":"status-publish","4":"has-post-thumbnail","6":"product_cat-sante","7":"product_cat-vetements-de-travail-secteur-de-la-sante","9":"first","10":"instock","11":"shipping-taxable","12":"purchasable","13":"product-type-simple"},"aioseo_notices":[],"_links":{"self":[{"href":"https:\/\/prestige-e.com\/fr\/wp-json\/wp\/v2\/product\/38984","targetHints":{"allow":["GET"]}}],"collection":[{"href":"https:\/\/prestige-e.com\/fr\/wp-json\/wp\/v2\/product"}],"about":[{"href":"https:\/\/prestige-e.com\/fr\/wp-json\/wp\/v2\/types\/product"}],"replies":[{"embeddable":true,"href":"https:\/\/prestige-e.com\/fr\/wp-json\/wp\/v2\/comments?post=38984"}],"wp:featuredmedia":[{"embeddable":true,"href":"https:\/\/prestige-e.com\/fr\/wp-json\/wp\/v2\/media\/38985"}],"wp:attachment":[{"href":"https:\/\/prestige-e.com\/fr\/wp-json\/wp\/v2\/media?parent=38984"}],"wp:term":[{"taxonomy":"product_brand","embeddable":true,"href":"https:\/\/prestige-e.com\/fr\/wp-json\/wp\/v2\/product_brand?post=38984"},{"taxonomy":"product_cat","embeddable":true,"href":"https:\/\/prestige-e.com\/fr\/wp-json\/wp\/v2\/product_cat?post=38984"},{"taxonomy":"product_tag","embeddable":true,"href":"https:\/\/prestige-e.com\/fr\/wp-json\/wp\/v2\/product_tag?post=38984"}],"curies":[{"name":"wp","href":"https:\/\/api.w.org\/{rel}","templated":true}]}}