{"id":38981,"date":"2021-05-19T09:44:52","date_gmt":"2021-05-19T07:44:52","guid":{"rendered":"https:\/\/prestige-e.com\/product\/sur-chaussure-medicale-antiderapante\/"},"modified":"2025-11-27T13:27:07","modified_gmt":"2025-11-27T12:27:07","slug":"sur-chaussure-medicale-antiderapante","status":"publish","type":"product","link":"https:\/\/prestige-e.com\/fr\/produit\/sur-chaussure-medicale-antiderapante\/","title":{"rendered":"Sur-chaussure m\u00e9dicale antid\u00e9rapante"},"content":{"rendered":"","protected":false},"excerpt":{"rendered":"<p>Sur-chaussures faciles \u00e0 enfiler et \u00e0 retirer. Ces sur-chaussures sont fabriqu\u00e9es en mat\u00e9riau non-tiss\u00e9 SS jetable. <\/p>\n<p><strong>Norme de s\u00e9curit\u00e9 :<\/strong> EN14126:2003<br \/>\n<strong>Taille :<\/strong> standard.<br \/>\n<strong>Mat\u00e9riau :<\/strong> mat\u00e9riau non-tiss\u00e9 45g.<\/p>\n","protected":false},"featured_media":38983,"comment_status":"closed","ping_status":"closed","template":"","meta":{"inline_featured_image":false},"product_brand":[],"product_cat":[172,173],"product_tag":[],"class_list":{"0":"post-38981","1":"product","2":"type-product","3":"status-publish","4":"has-post-thumbnail","6":"product_cat-sante","7":"product_cat-vetements-de-travail-secteur-de-la-sante","9":"first","10":"instock","11":"shipping-taxable","12":"purchasable","13":"product-type-simple"},"aioseo_notices":[],"_links":{"self":[{"href":"https:\/\/prestige-e.com\/fr\/wp-json\/wp\/v2\/product\/38981","targetHints":{"allow":["GET"]}}],"collection":[{"href":"https:\/\/prestige-e.com\/fr\/wp-json\/wp\/v2\/product"}],"about":[{"href":"https:\/\/prestige-e.com\/fr\/wp-json\/wp\/v2\/types\/product"}],"replies":[{"embeddable":true,"href":"https:\/\/prestige-e.com\/fr\/wp-json\/wp\/v2\/comments?post=38981"}],"wp:featuredmedia":[{"embeddable":true,"href":"https:\/\/prestige-e.com\/fr\/wp-json\/wp\/v2\/media\/38983"}],"wp:attachment":[{"href":"https:\/\/prestige-e.com\/fr\/wp-json\/wp\/v2\/media?parent=38981"}],"wp:term":[{"taxonomy":"product_brand","embeddable":true,"href":"https:\/\/prestige-e.com\/fr\/wp-json\/wp\/v2\/product_brand?post=38981"},{"taxonomy":"product_cat","embeddable":true,"href":"https:\/\/prestige-e.com\/fr\/wp-json\/wp\/v2\/product_cat?post=38981"},{"taxonomy":"product_tag","embeddable":true,"href":"https:\/\/prestige-e.com\/fr\/wp-json\/wp\/v2\/product_tag?post=38981"}],"curies":[{"name":"wp","href":"https:\/\/api.w.org\/{rel}","templated":true}]}}