{"id":38978,"date":"2021-05-21T05:51:54","date_gmt":"2021-05-21T03:51:54","guid":{"rendered":"https:\/\/prestige-e.com\/product\/la-trousse-cosmetique-le-pliage\/"},"modified":"2025-11-27T13:27:05","modified_gmt":"2025-11-27T12:27:05","slug":"la-trousse-cosmetique-le-pliage","status":"publish","type":"product","link":"https:\/\/prestige-e.com\/fr\/produit\/la-trousse-cosmetique-le-pliage\/","title":{"rendered":"La trousse cosm\u00e9tique Le Pliage"},"content":{"rendered":"","protected":false},"excerpt":{"rendered":"<div class=\"lv-product-features\">\n<div class=\"lv-expandable-panel -minimal-height\">\n<div id=\"read-more\" class=\"lv-expandable-panel__content\" aria-hidden=\"false\">\n<div class=\"lv-product-features\">\n<div class=\"lv-expandable-panel -minimal-height\">\n<div id=\"read-more\" class=\"lv-expandable-panel__content\" aria-hidden=\"false\">\n<div class=\"lv-product-features\">\n<div class=\"lv-expandable-panel -minimal-height\">\n<div id=\"read-more\" class=\"lv-expandable-panel__content\" aria-hidden=\"false\">\n<div class=\"lv-product-features\">\n<div class=\"lv-expandable-panel -minimal-height\">\n<div id=\"read-more\" class=\"lv-expandable-panel__content\" aria-hidden=\"false\">\n<div class=\"lv-expandable-panel -minimal-height\">\n<div id=\"read-more\" class=\"lv-expandable-panel__content\" aria-hidden=\"false\">\n<div class=\"lv-product-description\">\n<div class=\"lv-expandable-panel -minimal-height\">\n<div id=\"read-more\" class=\"lv-expandable-panel__content\" aria-hidden=\"false\">\n<div class=\"lv-expandable-panel -minimal-height\">\n<div id=\"read-more\" class=\"lv-expandable-panel__content\" aria-hidden=\"false\">\n<div class=\"lv-expandable-panel -minimal-height\">\n<div class=\"product-meet-family\">\n<div class=\"product-description\"><\/div>\n<p>Cette trousse zipp\u00e9e, avec poign\u00e9e, est id\u00e9ale pour ranger crayons, stylos, pinceaux, cosm\u00e9tiques ou vos petits essentiels. Inspir\u00e9 de l&rsquo;origami, Longchamp cr\u00e9e LE PLIAGE, <span id=\"read-more-1\" class=\"read-more__content js-readmore\" data-label--more=\"Lire plus\" data-label--less=\"Lire moins\" aria-hidden=\"true\">un sac l\u00e9ger devenu culte dans le monde entier. La Maison r\u00e9invente sa ligne iconique LE PLIAGE dans une version collector, \u00e0 l&rsquo;esprit coll\u00e8ge et d\u00e9contract\u00e9. La toile de nylon est orn\u00e9e de finitions en cuir de Russie ton sur ton, et arbore un cheval Longchamp brod\u00e9 en signature. Le d\u00e9tail ultime du PLIAGE CLUB : son bouton-pression color\u00e9 assorti \u00e0 la broderie et aux teintures de bordure, qui accentuent l&rsquo;effet de contraste.<\/span> <\/p>\n<p><strong><br \/>\nSi vous \u00eates int\u00e9ress\u00e9 par d&rsquo;autres produits Longchamp, veuillez nous en informer.<\/p>\n<p>Quantit\u00e9 minimale de commande requise pour ce produit :<\/strong><\/p>\n<\/div>\n<\/div>\n<\/div>\n<\/div>\n<\/div>\n<\/div>\n<\/div>\n<\/div>\n<\/div>\n<\/div>\n<\/div>\n<\/div>\n<\/div>\n<\/div>\n<\/div>\n<\/div>\n<\/div>\n<\/div>\n<\/div>\n<\/div>\n<\/div>\n","protected":false},"featured_media":38979,"comment_status":"closed","ping_status":"closed","template":"","meta":{"inline_featured_image":false},"product_brand":[],"product_cat":[199,221],"product_tag":[],"class_list":{"0":"post-38978","1":"product","2":"type-product","3":"status-publish","4":"has-post-thumbnail","6":"product_cat-longchamp","7":"product_cat-petits-produits","9":"first","10":"instock","11":"shipping-taxable","12":"purchasable","13":"product-type-simple"},"aioseo_notices":[],"_links":{"self":[{"href":"https:\/\/prestige-e.com\/fr\/wp-json\/wp\/v2\/product\/38978","targetHints":{"allow":["GET"]}}],"collection":[{"href":"https:\/\/prestige-e.com\/fr\/wp-json\/wp\/v2\/product"}],"about":[{"href":"https:\/\/prestige-e.com\/fr\/wp-json\/wp\/v2\/types\/product"}],"replies":[{"embeddable":true,"href":"https:\/\/prestige-e.com\/fr\/wp-json\/wp\/v2\/comments?post=38978"}],"wp:featuredmedia":[{"embeddable":true,"href":"https:\/\/prestige-e.com\/fr\/wp-json\/wp\/v2\/media\/38979"}],"wp:attachment":[{"href":"https:\/\/prestige-e.com\/fr\/wp-json\/wp\/v2\/media?parent=38978"}],"wp:term":[{"taxonomy":"product_brand","embeddable":true,"href":"https:\/\/prestige-e.com\/fr\/wp-json\/wp\/v2\/product_brand?post=38978"},{"taxonomy":"product_cat","embeddable":true,"href":"https:\/\/prestige-e.com\/fr\/wp-json\/wp\/v2\/product_cat?post=38978"},{"taxonomy":"product_tag","embeddable":true,"href":"https:\/\/prestige-e.com\/fr\/wp-json\/wp\/v2\/product_tag?post=38978"}],"curies":[{"name":"wp","href":"https:\/\/api.w.org\/{rel}","templated":true}]}}