{"id":38952,"date":"2022-02-03T08:31:06","date_gmt":"2022-02-03T07:31:06","guid":{"rendered":"https:\/\/prestige-e.com\/product\/haut-parleur-urban-vitamin-berkeley-ipx7-etanche-10-w\/"},"modified":"2025-11-27T13:27:01","modified_gmt":"2025-11-27T12:27:01","slug":"haut-parleur-urban-vitamin-berkeley-ipx7-etanche-10-w","status":"publish","type":"product","link":"https:\/\/prestige-e.com\/fr\/produit\/haut-parleur-urban-vitamin-berkeley-ipx7-etanche-10-w\/","title":{"rendered":"Haut-parleur Urban vitamin Berkeley IPX7 \u00e9tanche 10 W"},"content":{"rendered":"","protected":false},"excerpt":{"rendered":"<p>Emportez votre haut-parleur partout o\u00f9 vous allez. Une sortie \u00e0 la plage ? Parfait ! Une f\u00eate \u00e0 la piscine ? Pas de probl\u00e8me ! Une pluie soudaine ? Pas de soucis ! Votre haut-parleur est \u00e9tanche IPX7 jusqu&rsquo;\u00e0 1 m\u00e8tre de profondeur et 30 minutes maximum ! Apr\u00e8s une journ\u00e9e sablonneuse \u00e0 la plage, rincez-le simplement sous la douche. Le haut-parleur de 10 W poss\u00e8de des basses massives soutenues par deux subwoofers \u00e0 chaque extr\u00e9mit\u00e9 du haut-parleur. Le son puissant est suffisant pour faire durer une f\u00eate de bonne taille jusqu&rsquo;au lever du soleil. Le tissu durable et le bo\u00eetier robuste garantiront que le haut-parleur peut m\u00eame supporter un petit choc. Profitez jusqu&rsquo;\u00e0 15 heures d&rsquo;\u00e9coute ! Si vous recevez un appel, r\u00e9pondez-y simplement avec le micro int\u00e9gr\u00e9 d&rsquo;une qualit\u00e9 claire. Les articles Urban Vitamin sont fabriqu\u00e9s sans PVC et emball\u00e9s dans un emballage r\u00e9duit en plastique              <\/p>\n<p><strong><u>Dimension<\/u><\/strong> : 7,8 x 7,8 x 19 cm<\/p>\n<p><strong><u>Mat\u00e9riau<\/u><\/strong> : ABS et caoutchouc<\/p>\n","protected":false},"featured_media":38953,"comment_status":"closed","ping_status":"closed","template":"","meta":{"inline_featured_image":false},"product_brand":[],"product_cat":[175,174],"product_tag":[],"class_list":{"0":"post-38952","1":"product","2":"type-product","3":"status-publish","4":"has-post-thumbnail","6":"product_cat-appareils-art-de-vivre","7":"product_cat-art-de-vivre","9":"first","10":"instock","11":"shipping-taxable","12":"purchasable","13":"product-type-simple"},"aioseo_notices":[],"_links":{"self":[{"href":"https:\/\/prestige-e.com\/fr\/wp-json\/wp\/v2\/product\/38952","targetHints":{"allow":["GET"]}}],"collection":[{"href":"https:\/\/prestige-e.com\/fr\/wp-json\/wp\/v2\/product"}],"about":[{"href":"https:\/\/prestige-e.com\/fr\/wp-json\/wp\/v2\/types\/product"}],"replies":[{"embeddable":true,"href":"https:\/\/prestige-e.com\/fr\/wp-json\/wp\/v2\/comments?post=38952"}],"wp:featuredmedia":[{"embeddable":true,"href":"https:\/\/prestige-e.com\/fr\/wp-json\/wp\/v2\/media\/38953"}],"wp:attachment":[{"href":"https:\/\/prestige-e.com\/fr\/wp-json\/wp\/v2\/media?parent=38952"}],"wp:term":[{"taxonomy":"product_brand","embeddable":true,"href":"https:\/\/prestige-e.com\/fr\/wp-json\/wp\/v2\/product_brand?post=38952"},{"taxonomy":"product_cat","embeddable":true,"href":"https:\/\/prestige-e.com\/fr\/wp-json\/wp\/v2\/product_cat?post=38952"},{"taxonomy":"product_tag","embeddable":true,"href":"https:\/\/prestige-e.com\/fr\/wp-json\/wp\/v2\/product_tag?post=38952"}],"curies":[{"name":"wp","href":"https:\/\/api.w.org\/{rel}","templated":true}]}}