{"id":38945,"date":"2021-05-25T11:43:02","date_gmt":"2021-05-25T09:43:02","guid":{"rendered":"https:\/\/prestige-e.com\/product\/porte-documents-a4-hugo-boss-en-chevrons\/"},"modified":"2025-11-27T13:27:02","modified_gmt":"2025-11-27T12:27:02","slug":"porte-documents-a4-hugo-boss-en-chevrons","status":"publish","type":"product","link":"https:\/\/prestige-e.com\/fr\/produit\/porte-documents-a4-hugo-boss-en-chevrons\/","title":{"rendered":"Porte-documents A4 Hugo Boss en chevrons"},"content":{"rendered":"","protected":false},"excerpt":{"rendered":"<div class=\"lv-product-features\">\n<div class=\"lv-expandable-panel -minimal-height\">\n<div id=\"read-more\" class=\"lv-expandable-panel__content\" aria-hidden=\"false\">\n<div class=\"lv-product-features\">\n<div class=\"lv-expandable-panel -minimal-height\">\n<div id=\"read-more\" class=\"lv-expandable-panel__content\" aria-hidden=\"false\">\n<div class=\"lv-product-features\">\n<div class=\"lv-expandable-panel -minimal-height\">\n<div id=\"read-more\" class=\"lv-expandable-panel__content\" aria-hidden=\"false\">\n<div class=\"lv-product-features\">\n<div class=\"lv-expandable-panel -minimal-height\">\n<div id=\"read-more\" class=\"lv-expandable-panel__content\" aria-hidden=\"false\">\n<div class=\"lv-expandable-panel -minimal-height\">\n<div id=\"read-more\" class=\"lv-expandable-panel__content\" aria-hidden=\"false\">\n<div class=\"lv-product-description\">\n<div class=\"lv-expandable-panel -minimal-height\">\n<div id=\"read-more\" class=\"lv-expandable-panel__content\" aria-hidden=\"false\">\n<div class=\"lv-expandable-panel -minimal-height\">\n<div id=\"read-more\" class=\"lv-expandable-panel__content\" aria-hidden=\"false\">\n<div class=\"lv-expandable-panel -minimal-height\">\n<div id=\"read-more\" class=\"lv-expandable-panel__content\" aria-hidden=\"false\"><\/div>\n<\/div>\n<\/div>\n<\/div>\n<\/div>\n<\/div>\n<\/div>\n<\/div>\n<\/div>\n<\/div>\n<\/div>\n<\/div>\n<\/div>\n<\/div>\n<\/div>\n<\/div>\n<\/div>\n<\/div>\n<\/div>\n<\/div>\n<\/div>\n<p>Finement confectionn\u00e9 avec un motif raffin\u00e9 en chevrons rappelant les costumes de la maison de mode, le porte-documents A4 Herringbone avec sa plaque m\u00e9tallique chrom\u00e9e distinctive Hugo Boss est intemporel et \u00e9l\u00e9gant.<\/p>\n<p><strong><br \/>\nSi vous \u00eates int\u00e9ress\u00e9 par d&rsquo;autres produits Hugo Boss, veuillez nous le faire savoir.<\/p>\n<p>Quantit\u00e9 minimale de commande requise pour ce produit :<\/strong><\/p>\n","protected":false},"featured_media":38946,"comment_status":"closed","ping_status":"closed","template":"","meta":{"inline_featured_image":false},"product_brand":[],"product_cat":[209,206],"product_tag":[],"class_list":{"0":"post-38945","1":"product","2":"type-product","3":"status-publish","4":"has-post-thumbnail","6":"product_cat-articles-en-cuir","7":"product_cat-hugo-boss","9":"first","10":"instock","11":"shipping-taxable","12":"purchasable","13":"product-type-simple"},"aioseo_notices":[],"_links":{"self":[{"href":"https:\/\/prestige-e.com\/fr\/wp-json\/wp\/v2\/product\/38945","targetHints":{"allow":["GET"]}}],"collection":[{"href":"https:\/\/prestige-e.com\/fr\/wp-json\/wp\/v2\/product"}],"about":[{"href":"https:\/\/prestige-e.com\/fr\/wp-json\/wp\/v2\/types\/product"}],"replies":[{"embeddable":true,"href":"https:\/\/prestige-e.com\/fr\/wp-json\/wp\/v2\/comments?post=38945"}],"wp:featuredmedia":[{"embeddable":true,"href":"https:\/\/prestige-e.com\/fr\/wp-json\/wp\/v2\/media\/38946"}],"wp:attachment":[{"href":"https:\/\/prestige-e.com\/fr\/wp-json\/wp\/v2\/media?parent=38945"}],"wp:term":[{"taxonomy":"product_brand","embeddable":true,"href":"https:\/\/prestige-e.com\/fr\/wp-json\/wp\/v2\/product_brand?post=38945"},{"taxonomy":"product_cat","embeddable":true,"href":"https:\/\/prestige-e.com\/fr\/wp-json\/wp\/v2\/product_cat?post=38945"},{"taxonomy":"product_tag","embeddable":true,"href":"https:\/\/prestige-e.com\/fr\/wp-json\/wp\/v2\/product_tag?post=38945"}],"curies":[{"name":"wp","href":"https:\/\/api.w.org\/{rel}","templated":true}]}}