{"id":38929,"date":"2022-02-03T09:00:10","date_gmt":"2022-02-03T08:00:10","guid":{"rendered":"https:\/\/prestige-e.com\/product\/nomaday-flash\/"},"modified":"2025-11-27T13:27:01","modified_gmt":"2025-11-27T12:27:01","slug":"nomaday-flash","status":"publish","type":"product","link":"https:\/\/prestige-e.com\/fr\/produit\/nomaday-flash\/","title":{"rendered":"Nomaday flash"},"content":{"rendered":"","protected":false},"excerpt":{"rendered":"<p>Lampe LED portable avec clip<br \/>\nLumi\u00e8re rouge ou blanche \u2013 Fixe ou clignotante<br \/>\nR\u00e9sistant \u00e0 la pluie IPX4<br \/>\nLumi\u00e8re visible jusqu&rsquo;\u00e0 180 m\u00e8tres<br \/>\nAutonomie : 12h<br \/>\nTemps de charge : 1,5h<br \/>\nRechargeable sur port USB-C (c\u00e2ble inclus)<\/p>\n<p><strong><u>Dimensions<\/u><\/strong> : 3,2 x 1,8 x 10 cm<\/p>\n<p><strong><u>Mat\u00e9riaux<\/u><\/strong> : ABS, alliage de zinc et acier inoxydable<\/p>\n","protected":false},"featured_media":38935,"comment_status":"closed","ping_status":"closed","template":"","meta":{"inline_featured_image":false},"product_brand":[],"product_cat":[225,189],"product_tag":[],"class_list":{"0":"post-38929","1":"product","2":"type-product","3":"status-publish","4":"has-post-thumbnail","6":"product_cat-accessoires-voyage","7":"product_cat-voyage","9":"first","10":"instock","11":"shipping-taxable","12":"purchasable","13":"product-type-simple"},"aioseo_notices":[],"_links":{"self":[{"href":"https:\/\/prestige-e.com\/fr\/wp-json\/wp\/v2\/product\/38929","targetHints":{"allow":["GET"]}}],"collection":[{"href":"https:\/\/prestige-e.com\/fr\/wp-json\/wp\/v2\/product"}],"about":[{"href":"https:\/\/prestige-e.com\/fr\/wp-json\/wp\/v2\/types\/product"}],"replies":[{"embeddable":true,"href":"https:\/\/prestige-e.com\/fr\/wp-json\/wp\/v2\/comments?post=38929"}],"wp:featuredmedia":[{"embeddable":true,"href":"https:\/\/prestige-e.com\/fr\/wp-json\/wp\/v2\/media\/38935"}],"wp:attachment":[{"href":"https:\/\/prestige-e.com\/fr\/wp-json\/wp\/v2\/media?parent=38929"}],"wp:term":[{"taxonomy":"product_brand","embeddable":true,"href":"https:\/\/prestige-e.com\/fr\/wp-json\/wp\/v2\/product_brand?post=38929"},{"taxonomy":"product_cat","embeddable":true,"href":"https:\/\/prestige-e.com\/fr\/wp-json\/wp\/v2\/product_cat?post=38929"},{"taxonomy":"product_tag","embeddable":true,"href":"https:\/\/prestige-e.com\/fr\/wp-json\/wp\/v2\/product_tag?post=38929"}],"curies":[{"name":"wp","href":"https:\/\/api.w.org\/{rel}","templated":true}]}}