{"id":38925,"date":"2023-03-13T08:41:47","date_gmt":"2023-03-13T07:41:47","guid":{"rendered":"https:\/\/prestige-e.com\/product\/set-de-3-casse-tetes\/"},"modified":"2025-11-27T13:26:50","modified_gmt":"2025-11-27T12:26:50","slug":"set-de-3-casse-tetes","status":"publish","type":"product","link":"https:\/\/prestige-e.com\/fr\/produit\/set-de-3-casse-tetes\/","title":{"rendered":"Set de 3 casse-t\u00eates"},"content":{"rendered":"","protected":false},"excerpt":{"rendered":"<p>Exercez votre esprit comme vous exercez vos muscles ! Les casse-t\u00eates sont un moyen ludique d&rsquo;am\u00e9liorer vos capacit\u00e9s d&rsquo;analyse et de r\u00e9solution de probl\u00e8mes. Ce set de casse-t\u00eates contient 3 puzzles et est pr\u00e9sent\u00e9 dans un coffret en pin peint en blanc. Fabriqu\u00e9 en bois certifi\u00e9 FSC\u00ae. Livr\u00e9 dans un emballage cadeau kraft certifi\u00e9 FSC\u00ae.    <\/p>\n<p><strong><u>Dimensions<\/u><\/strong> : 18,2 x 7,8 x 7,2 cm<\/p>\n<p><strong><u>Mat\u00e9riau<\/u><\/strong> : Bois<\/p>\n","protected":false},"featured_media":38928,"comment_status":"closed","ping_status":"closed","template":"","meta":{"inline_featured_image":false},"product_brand":[],"product_cat":[179,215],"product_tag":[],"class_list":{"0":"post-38925","1":"product","2":"type-product","3":"status-publish","4":"has-post-thumbnail","6":"product_cat-jeux-jouet-art-de-vivre","7":"product_cat-jeux-jouets-ecologie","9":"first","10":"instock","11":"shipping-taxable","12":"purchasable","13":"product-type-simple"},"aioseo_notices":[],"_links":{"self":[{"href":"https:\/\/prestige-e.com\/fr\/wp-json\/wp\/v2\/product\/38925","targetHints":{"allow":["GET"]}}],"collection":[{"href":"https:\/\/prestige-e.com\/fr\/wp-json\/wp\/v2\/product"}],"about":[{"href":"https:\/\/prestige-e.com\/fr\/wp-json\/wp\/v2\/types\/product"}],"replies":[{"embeddable":true,"href":"https:\/\/prestige-e.com\/fr\/wp-json\/wp\/v2\/comments?post=38925"}],"wp:featuredmedia":[{"embeddable":true,"href":"https:\/\/prestige-e.com\/fr\/wp-json\/wp\/v2\/media\/38928"}],"wp:attachment":[{"href":"https:\/\/prestige-e.com\/fr\/wp-json\/wp\/v2\/media?parent=38925"}],"wp:term":[{"taxonomy":"product_brand","embeddable":true,"href":"https:\/\/prestige-e.com\/fr\/wp-json\/wp\/v2\/product_brand?post=38925"},{"taxonomy":"product_cat","embeddable":true,"href":"https:\/\/prestige-e.com\/fr\/wp-json\/wp\/v2\/product_cat?post=38925"},{"taxonomy":"product_tag","embeddable":true,"href":"https:\/\/prestige-e.com\/fr\/wp-json\/wp\/v2\/product_tag?post=38925"}],"curies":[{"name":"wp","href":"https:\/\/api.w.org\/{rel}","templated":true}]}}