{"id":38922,"date":"2023-03-11T14:20:23","date_gmt":"2023-03-11T13:20:23","guid":{"rendered":"https:\/\/prestige-e.com\/product\/torche-en-bois\/"},"modified":"2025-11-27T13:26:51","modified_gmt":"2025-11-27T12:26:51","slug":"torche-en-bois","status":"publish","type":"product","link":"https:\/\/prestige-e.com\/fr\/produit\/torche-en-bois\/","title":{"rendered":"Torche en bois"},"content":{"rendered":"","protected":false},"excerpt":{"rendered":"<p>Tire-bouchon \u00e9lectrique \u00e0 piles, actionn\u00e9 par simple pression d&rsquo;un bouton. 4 piles AA incluses. Emball\u00e9 dans un coffret cadeau.  <\/p>\n<p><strong><u>Dimensions<\/u><\/strong> : 18,1 x 2,3 cm<\/p>\n<p><strong><u>Mat\u00e9riau<\/u><\/strong> : Bois<\/p>\n","protected":false},"featured_media":38923,"comment_status":"closed","ping_status":"closed","template":"","meta":{"inline_featured_image":false},"product_brand":[],"product_cat":[218,225,214,174,152,189],"product_tag":[],"class_list":{"0":"post-38922","1":"product","2":"type-product","3":"status-publish","4":"has-post-thumbnail","6":"product_cat-accessoires-art-de-vivre","7":"product_cat-accessoires-voyage","8":"product_cat-appareils-ecologie","9":"product_cat-art-de-vivre","10":"product_cat-ecologie","11":"product_cat-voyage","13":"first","14":"instock","15":"shipping-taxable","16":"purchasable","17":"product-type-simple"},"aioseo_notices":[],"_links":{"self":[{"href":"https:\/\/prestige-e.com\/fr\/wp-json\/wp\/v2\/product\/38922","targetHints":{"allow":["GET"]}}],"collection":[{"href":"https:\/\/prestige-e.com\/fr\/wp-json\/wp\/v2\/product"}],"about":[{"href":"https:\/\/prestige-e.com\/fr\/wp-json\/wp\/v2\/types\/product"}],"replies":[{"embeddable":true,"href":"https:\/\/prestige-e.com\/fr\/wp-json\/wp\/v2\/comments?post=38922"}],"wp:featuredmedia":[{"embeddable":true,"href":"https:\/\/prestige-e.com\/fr\/wp-json\/wp\/v2\/media\/38923"}],"wp:attachment":[{"href":"https:\/\/prestige-e.com\/fr\/wp-json\/wp\/v2\/media?parent=38922"}],"wp:term":[{"taxonomy":"product_brand","embeddable":true,"href":"https:\/\/prestige-e.com\/fr\/wp-json\/wp\/v2\/product_brand?post=38922"},{"taxonomy":"product_cat","embeddable":true,"href":"https:\/\/prestige-e.com\/fr\/wp-json\/wp\/v2\/product_cat?post=38922"},{"taxonomy":"product_tag","embeddable":true,"href":"https:\/\/prestige-e.com\/fr\/wp-json\/wp\/v2\/product_tag?post=38922"}],"curies":[{"name":"wp","href":"https:\/\/api.w.org\/{rel}","templated":true}]}}