{"id":38918,"date":"2021-09-15T05:55:48","date_gmt":"2021-09-15T03:55:48","guid":{"rendered":"https:\/\/prestige-e.com\/product\/pashmina\/"},"modified":"2025-11-27T13:27:01","modified_gmt":"2025-11-27T12:27:01","slug":"pashmina","status":"publish","type":"product","link":"https:\/\/prestige-e.com\/fr\/produit\/pashmina\/","title":{"rendered":"Pashmina"},"content":{"rendered":"","protected":false},"excerpt":{"rendered":"<div class=\"\">R\u00e9colt\u00e9 en haute altitude, le pashmina est la vari\u00e9t\u00e9 la plus noble du cachemire, la plus ancienne et la plus luxueuse.<br \/>\nIl provient du duvet d&rsquo;hiver de la ch\u00e8vre Changra, l\u00e0 o\u00f9 il est le plus fin et le plus doux : sur le cou et le ventre. Ce duvet \u00ab pashm \u00bb est une sorte d&rsquo;hyper cachemire que la ch\u00e8vre ne produit que dans des conditions extr\u00eames, c&rsquo;est-\u00e0-dire au-dessus de 4 500 m d&rsquo;altitude. Il n&rsquo;est donc r\u00e9colt\u00e9 que dans les contreforts de l&rsquo;Himalaya, notamment au Ladakh.<x id=\"gid_1\"><\/x>Une ch\u00e8vre produit environ 150 g de pashmina par an. Au printemps, lorsqu&rsquo;elle perd son duvet d&rsquo;hiver, elle est peign\u00e9e de mani\u00e8re \u00e0 collecter les poils les plus soyeux, les plus fins et les plus longs, gage de qualit\u00e9.<br \/>\nAlors qu&rsquo;une fibre de cachemire mesure moins de 19 microns de diam\u00e8tre, le pashmina est plus fin : moins de 15 microns.   <\/div>\n<p><strong><br \/>\nNous pouvons personnaliser les articles selon les besoins esth\u00e9tiques du client.<\/p>\n<p>Quantit\u00e9 minimum de commande requise pour ce produit :<\/strong><\/p>\n","protected":false},"featured_media":38919,"comment_status":"closed","ping_status":"closed","template":"","meta":{"inline_featured_image":false},"product_brand":[],"product_cat":[148,183],"product_tag":[],"class_list":{"0":"post-38918","1":"product","2":"type-product","3":"status-publish","4":"has-post-thumbnail","6":"product_cat-mode","7":"product_cat-pashmina-cachemire-mode","9":"first","10":"instock","11":"shipping-taxable","12":"purchasable","13":"product-type-simple"},"aioseo_notices":[],"_links":{"self":[{"href":"https:\/\/prestige-e.com\/fr\/wp-json\/wp\/v2\/product\/38918","targetHints":{"allow":["GET"]}}],"collection":[{"href":"https:\/\/prestige-e.com\/fr\/wp-json\/wp\/v2\/product"}],"about":[{"href":"https:\/\/prestige-e.com\/fr\/wp-json\/wp\/v2\/types\/product"}],"replies":[{"embeddable":true,"href":"https:\/\/prestige-e.com\/fr\/wp-json\/wp\/v2\/comments?post=38918"}],"wp:featuredmedia":[{"embeddable":true,"href":"https:\/\/prestige-e.com\/fr\/wp-json\/wp\/v2\/media\/38919"}],"wp:attachment":[{"href":"https:\/\/prestige-e.com\/fr\/wp-json\/wp\/v2\/media?parent=38918"}],"wp:term":[{"taxonomy":"product_brand","embeddable":true,"href":"https:\/\/prestige-e.com\/fr\/wp-json\/wp\/v2\/product_brand?post=38918"},{"taxonomy":"product_cat","embeddable":true,"href":"https:\/\/prestige-e.com\/fr\/wp-json\/wp\/v2\/product_cat?post=38918"},{"taxonomy":"product_tag","embeddable":true,"href":"https:\/\/prestige-e.com\/fr\/wp-json\/wp\/v2\/product_tag?post=38918"}],"curies":[{"name":"wp","href":"https:\/\/api.w.org\/{rel}","templated":true}]}}