{"id":38909,"date":"2023-03-13T08:42:18","date_gmt":"2023-03-13T07:42:18","guid":{"rendered":"https:\/\/prestige-e.com\/product\/jeu-5-en-1\/"},"modified":"2025-11-27T13:26:50","modified_gmt":"2025-11-27T12:26:50","slug":"jeu-5-en-1","status":"publish","type":"product","link":"https:\/\/prestige-e.com\/fr\/produit\/jeu-5-en-1\/","title":{"rendered":"Jeu 5 en 1"},"content":{"rendered":"","protected":false},"excerpt":{"rendered":"<p>Profitez d&rsquo;un moment de jeu amusant avec vos amis&nbsp;! Ce jeu 5-en-1 comprend&nbsp;: Mikado, cartes \u00e0 jouer, dominos, \u00e9checs et backgammon. La bo\u00eete en bois de pin blanc de 17x17x3,7&nbsp;cm pr\u00e9sente un \u00e9chiquier imprim\u00e9 en noir sur un c\u00f4t\u00e9 du couvercle et un plateau de backgammon imprim\u00e9 en noir\/rouge sur le fond. Fabriqu\u00e9 avec du bois certifi\u00e9 FSC\u00ae. Livr\u00e9 dans un emballage cadeau kraft certifi\u00e9 FSC\u00ae.    <\/p>\n<p><strong><u>Dimension<\/u><\/strong>&nbsp;: 18,4 x 18,4 x 4,5&nbsp;cm<\/p>\n<p><strong><u>Mat\u00e9riau<\/u><\/strong> : Bois<\/p>\n","protected":false},"featured_media":38914,"comment_status":"closed","ping_status":"closed","template":"","meta":{"inline_featured_image":false},"product_brand":[],"product_cat":[179,215],"product_tag":[],"class_list":{"0":"post-38909","1":"product","2":"type-product","3":"status-publish","4":"has-post-thumbnail","6":"product_cat-jeux-jouet-art-de-vivre","7":"product_cat-jeux-jouets-ecologie","9":"first","10":"instock","11":"shipping-taxable","12":"purchasable","13":"product-type-simple"},"aioseo_notices":[],"_links":{"self":[{"href":"https:\/\/prestige-e.com\/fr\/wp-json\/wp\/v2\/product\/38909","targetHints":{"allow":["GET"]}}],"collection":[{"href":"https:\/\/prestige-e.com\/fr\/wp-json\/wp\/v2\/product"}],"about":[{"href":"https:\/\/prestige-e.com\/fr\/wp-json\/wp\/v2\/types\/product"}],"replies":[{"embeddable":true,"href":"https:\/\/prestige-e.com\/fr\/wp-json\/wp\/v2\/comments?post=38909"}],"wp:featuredmedia":[{"embeddable":true,"href":"https:\/\/prestige-e.com\/fr\/wp-json\/wp\/v2\/media\/38914"}],"wp:attachment":[{"href":"https:\/\/prestige-e.com\/fr\/wp-json\/wp\/v2\/media?parent=38909"}],"wp:term":[{"taxonomy":"product_brand","embeddable":true,"href":"https:\/\/prestige-e.com\/fr\/wp-json\/wp\/v2\/product_brand?post=38909"},{"taxonomy":"product_cat","embeddable":true,"href":"https:\/\/prestige-e.com\/fr\/wp-json\/wp\/v2\/product_cat?post=38909"},{"taxonomy":"product_tag","embeddable":true,"href":"https:\/\/prestige-e.com\/fr\/wp-json\/wp\/v2\/product_tag?post=38909"}],"curies":[{"name":"wp","href":"https:\/\/api.w.org\/{rel}","templated":true}]}}