{"id":38902,"date":"2023-03-13T08:44:36","date_gmt":"2023-03-13T07:44:36","guid":{"rendered":"https:\/\/prestige-e.com\/product\/mikado-domino-de-luxe-dans-une-boite-en-bois\/"},"modified":"2025-11-27T13:26:49","modified_gmt":"2025-11-27T12:26:49","slug":"mikado-domino-de-luxe-dans-une-boite-en-bois","status":"publish","type":"product","link":"https:\/\/prestige-e.com\/fr\/produit\/mikado-domino-de-luxe-dans-une-boite-en-bois\/","title":{"rendered":"Mikado\/domino de luxe dans une bo\u00eete en bois"},"content":{"rendered":"","protected":false},"excerpt":{"rendered":"<p>Cr\u00e9ez des moments ludiques avec ce set de Mikado et Domino. Le jeu de Mikado contient 41 b\u00e2tonnets et le jeu de Domino 28 pi\u00e8ces, le tout dans une bo\u00eete en bois blanc. Fabriqu\u00e9 en bois certifi\u00e9 FSC\u00ae. Livr\u00e9 dans un emballage cadeau kraft certifi\u00e9 FSC\u00ae.   <\/p>\n<p><strong><u>Dimensions<\/u><\/strong> : 20 x 9,2 x 3,3 cm<\/p>\n<p><strong><u>Mat\u00e9riau<\/u><\/strong>&nbsp;: MDF<\/p>\n","protected":false},"featured_media":38903,"comment_status":"closed","ping_status":"closed","template":"","meta":{"inline_featured_image":false},"product_brand":[],"product_cat":[179],"product_tag":[],"class_list":{"0":"post-38902","1":"product","2":"type-product","3":"status-publish","4":"has-post-thumbnail","6":"product_cat-jeux-jouet-art-de-vivre","8":"first","9":"instock","10":"shipping-taxable","11":"purchasable","12":"product-type-simple"},"aioseo_notices":[],"_links":{"self":[{"href":"https:\/\/prestige-e.com\/fr\/wp-json\/wp\/v2\/product\/38902","targetHints":{"allow":["GET"]}}],"collection":[{"href":"https:\/\/prestige-e.com\/fr\/wp-json\/wp\/v2\/product"}],"about":[{"href":"https:\/\/prestige-e.com\/fr\/wp-json\/wp\/v2\/types\/product"}],"replies":[{"embeddable":true,"href":"https:\/\/prestige-e.com\/fr\/wp-json\/wp\/v2\/comments?post=38902"}],"wp:featuredmedia":[{"embeddable":true,"href":"https:\/\/prestige-e.com\/fr\/wp-json\/wp\/v2\/media\/38903"}],"wp:attachment":[{"href":"https:\/\/prestige-e.com\/fr\/wp-json\/wp\/v2\/media?parent=38902"}],"wp:term":[{"taxonomy":"product_brand","embeddable":true,"href":"https:\/\/prestige-e.com\/fr\/wp-json\/wp\/v2\/product_brand?post=38902"},{"taxonomy":"product_cat","embeddable":true,"href":"https:\/\/prestige-e.com\/fr\/wp-json\/wp\/v2\/product_cat?post=38902"},{"taxonomy":"product_tag","embeddable":true,"href":"https:\/\/prestige-e.com\/fr\/wp-json\/wp\/v2\/product_tag?post=38902"}],"curies":[{"name":"wp","href":"https:\/\/api.w.org\/{rel}","templated":true}]}}