{"id":38897,"date":"2023-03-13T08:44:00","date_gmt":"2023-03-13T07:44:00","guid":{"rendered":"https:\/\/prestige-e.com\/product\/mini-baby-foot-helmmet\/"},"modified":"2025-11-27T13:26:49","modified_gmt":"2025-11-27T12:26:49","slug":"mini-baby-foot-helmmet","status":"publish","type":"product","link":"https:\/\/prestige-e.com\/fr\/produit\/mini-baby-foot-helmmet\/","title":{"rendered":"Mini baby-foot Helmmet"},"content":{"rendered":"","protected":false},"excerpt":{"rendered":"<p>Baby-foot miniature, fabriqu\u00e9 en bois r\u00e9sistant. Comprend 2 balles et des marqueurs de score en paille de bl\u00e9, encourageant l&rsquo;utilisation de mati\u00e8res premi\u00e8res naturelles et r\u00e9duisant les \u00e9missions polluantes. Testez vos comp\u00e9tences avec ce jeu amusant et addictif. Pr\u00e9sent\u00e9 dans une bo\u00eete individuelle attrayante avec finition kraft.   <\/p>\n<p><strong><u>Dimensions<\/u><\/strong> : 36,5 x 9,5 x 32 cm<\/p>\n<p><strong><u>Mat\u00e9riaux<\/u><\/strong> : Bois, paille de bl\u00e9 et PS<\/p>\n","protected":false},"featured_media":38900,"comment_status":"closed","ping_status":"closed","template":"","meta":{"inline_featured_image":false},"product_brand":[],"product_cat":[179],"product_tag":[],"class_list":{"0":"post-38897","1":"product","2":"type-product","3":"status-publish","4":"has-post-thumbnail","6":"product_cat-jeux-jouet-art-de-vivre","8":"first","9":"instock","10":"shipping-taxable","11":"purchasable","12":"product-type-simple"},"aioseo_notices":[],"_links":{"self":[{"href":"https:\/\/prestige-e.com\/fr\/wp-json\/wp\/v2\/product\/38897","targetHints":{"allow":["GET"]}}],"collection":[{"href":"https:\/\/prestige-e.com\/fr\/wp-json\/wp\/v2\/product"}],"about":[{"href":"https:\/\/prestige-e.com\/fr\/wp-json\/wp\/v2\/types\/product"}],"replies":[{"embeddable":true,"href":"https:\/\/prestige-e.com\/fr\/wp-json\/wp\/v2\/comments?post=38897"}],"wp:featuredmedia":[{"embeddable":true,"href":"https:\/\/prestige-e.com\/fr\/wp-json\/wp\/v2\/media\/38900"}],"wp:attachment":[{"href":"https:\/\/prestige-e.com\/fr\/wp-json\/wp\/v2\/media?parent=38897"}],"wp:term":[{"taxonomy":"product_brand","embeddable":true,"href":"https:\/\/prestige-e.com\/fr\/wp-json\/wp\/v2\/product_brand?post=38897"},{"taxonomy":"product_cat","embeddable":true,"href":"https:\/\/prestige-e.com\/fr\/wp-json\/wp\/v2\/product_cat?post=38897"},{"taxonomy":"product_tag","embeddable":true,"href":"https:\/\/prestige-e.com\/fr\/wp-json\/wp\/v2\/product_tag?post=38897"}],"curies":[{"name":"wp","href":"https:\/\/api.w.org\/{rel}","templated":true}]}}