{"id":38893,"date":"2023-03-13T08:43:35","date_gmt":"2023-03-13T07:43:35","guid":{"rendered":"https:\/\/prestige-e.com\/product\/jeu-de-tour-chancelante-de-luxe-en-blocs-de-bois-a-empiler\/"},"modified":"2025-11-27T13:26:50","modified_gmt":"2025-11-27T12:26:50","slug":"jeu-de-tour-chancelante-de-luxe-en-blocs-de-bois-a-empiler","status":"publish","type":"product","link":"https:\/\/prestige-e.com\/fr\/produit\/jeu-de-tour-chancelante-de-luxe-en-blocs-de-bois-a-empiler\/","title":{"rendered":"Jeu de tour chancelante de luxe en blocs de bois \u00e0 empiler"},"content":{"rendered":"","protected":false},"excerpt":{"rendered":"<p>Jusqu&rsquo;o\u00f9 pouvez-vous monter ? Voyez \u00e0 quelle hauteur vous pouvez empiler les blocs de bois avant qu&rsquo;ils ne tombent avec ce jeu amusant. Les 48 blocs peuvent \u00eatre facilement rang\u00e9s dans la bo\u00eete en bois avec couvercle. Fabriqu\u00e9 avec du bois certifi\u00e9 FSC\u00ae. Livr\u00e9 dans un emballage cadeau kraft certifi\u00e9 FSC\u00ae.    <\/p>\n<p><strong><u>Dimension<\/u><\/strong> : 21,2 x 7,1 x 7,4 cm<\/p>\n<p><strong><u>Mat\u00e9riau<\/u><\/strong> : Bois<\/p>\n","protected":false},"featured_media":38896,"comment_status":"closed","ping_status":"closed","template":"","meta":{"inline_featured_image":false},"product_brand":[],"product_cat":[179,215],"product_tag":[],"class_list":{"0":"post-38893","1":"product","2":"type-product","3":"status-publish","4":"has-post-thumbnail","6":"product_cat-jeux-jouet-art-de-vivre","7":"product_cat-jeux-jouets-ecologie","9":"first","10":"instock","11":"shipping-taxable","12":"purchasable","13":"product-type-simple"},"aioseo_notices":[],"_links":{"self":[{"href":"https:\/\/prestige-e.com\/fr\/wp-json\/wp\/v2\/product\/38893","targetHints":{"allow":["GET"]}}],"collection":[{"href":"https:\/\/prestige-e.com\/fr\/wp-json\/wp\/v2\/product"}],"about":[{"href":"https:\/\/prestige-e.com\/fr\/wp-json\/wp\/v2\/types\/product"}],"replies":[{"embeddable":true,"href":"https:\/\/prestige-e.com\/fr\/wp-json\/wp\/v2\/comments?post=38893"}],"wp:featuredmedia":[{"embeddable":true,"href":"https:\/\/prestige-e.com\/fr\/wp-json\/wp\/v2\/media\/38896"}],"wp:attachment":[{"href":"https:\/\/prestige-e.com\/fr\/wp-json\/wp\/v2\/media?parent=38893"}],"wp:term":[{"taxonomy":"product_brand","embeddable":true,"href":"https:\/\/prestige-e.com\/fr\/wp-json\/wp\/v2\/product_brand?post=38893"},{"taxonomy":"product_cat","embeddable":true,"href":"https:\/\/prestige-e.com\/fr\/wp-json\/wp\/v2\/product_cat?post=38893"},{"taxonomy":"product_tag","embeddable":true,"href":"https:\/\/prestige-e.com\/fr\/wp-json\/wp\/v2\/product_tag?post=38893"}],"curies":[{"name":"wp","href":"https:\/\/api.w.org\/{rel}","templated":true}]}}