{"id":38886,"date":"2023-03-13T08:42:58","date_gmt":"2023-03-13T07:42:58","guid":{"rendered":"https:\/\/prestige-e.com\/product\/jeu-de-puissance-4-en-bois\/"},"modified":"2025-11-27T13:26:50","modified_gmt":"2025-11-27T12:26:50","slug":"jeu-de-puissance-4-en-bois","status":"publish","type":"product","link":"https:\/\/prestige-e.com\/fr\/produit\/jeu-de-puissance-4-en-bois\/","title":{"rendered":"Jeu de Puissance 4 en bois"},"content":{"rendered":"","protected":false},"excerpt":{"rendered":"<p>Profitez d&rsquo;une soir\u00e9e de jeu amusante avec vos amis ! Ce jeu de strat\u00e9gie est \u00e0 la fois divertissant et un bon exercice mental. Le but est d&rsquo;aligner quatre pi\u00e8ces de suite. Le plateau de jeu est en MDF et les 42 pi\u00e8ces sont en bois de Schima Superba et mesurent 24 x 16,5 x 3,5 cm. Fabriqu\u00e9 avec du bois certifi\u00e9 FSC\u00ae. Livr\u00e9 dans un emballage cadeau kraft certifi\u00e9 FSC\u00ae.     <\/p>\n<p><strong><u>Dimension<\/u><\/strong>&nbsp;: 24 x 17 x 16,5<\/p>\n<p><strong><u>Mat\u00e9riau<\/u><\/strong>&nbsp;: MDF<\/p>\n","protected":false},"featured_media":38890,"comment_status":"closed","ping_status":"closed","template":"","meta":{"inline_featured_image":false},"product_brand":[],"product_cat":[179,215],"product_tag":[],"class_list":{"0":"post-38886","1":"product","2":"type-product","3":"status-publish","4":"has-post-thumbnail","6":"product_cat-jeux-jouet-art-de-vivre","7":"product_cat-jeux-jouets-ecologie","9":"first","10":"instock","11":"shipping-taxable","12":"purchasable","13":"product-type-simple"},"aioseo_notices":[],"_links":{"self":[{"href":"https:\/\/prestige-e.com\/fr\/wp-json\/wp\/v2\/product\/38886","targetHints":{"allow":["GET"]}}],"collection":[{"href":"https:\/\/prestige-e.com\/fr\/wp-json\/wp\/v2\/product"}],"about":[{"href":"https:\/\/prestige-e.com\/fr\/wp-json\/wp\/v2\/types\/product"}],"replies":[{"embeddable":true,"href":"https:\/\/prestige-e.com\/fr\/wp-json\/wp\/v2\/comments?post=38886"}],"wp:featuredmedia":[{"embeddable":true,"href":"https:\/\/prestige-e.com\/fr\/wp-json\/wp\/v2\/media\/38890"}],"wp:attachment":[{"href":"https:\/\/prestige-e.com\/fr\/wp-json\/wp\/v2\/media?parent=38886"}],"wp:term":[{"taxonomy":"product_brand","embeddable":true,"href":"https:\/\/prestige-e.com\/fr\/wp-json\/wp\/v2\/product_brand?post=38886"},{"taxonomy":"product_cat","embeddable":true,"href":"https:\/\/prestige-e.com\/fr\/wp-json\/wp\/v2\/product_cat?post=38886"},{"taxonomy":"product_tag","embeddable":true,"href":"https:\/\/prestige-e.com\/fr\/wp-json\/wp\/v2\/product_tag?post=38886"}],"curies":[{"name":"wp","href":"https:\/\/api.w.org\/{rel}","templated":true}]}}