{"id":38882,"date":"2023-03-13T08:48:28","date_gmt":"2023-03-13T07:48:28","guid":{"rendered":"https:\/\/prestige-e.com\/product\/jeu-de-sudoku-en-bois\/"},"modified":"2025-11-27T13:26:48","modified_gmt":"2025-11-27T12:26:48","slug":"jeu-de-sudoku-en-bois","status":"publish","type":"product","link":"https:\/\/prestige-e.com\/fr\/produit\/jeu-de-sudoku-en-bois\/","title":{"rendered":"Jeu de sudoku en bois"},"content":{"rendered":"","protected":false},"excerpt":{"rendered":"<p>Plateau de sudoku en bois de luxe. Comprend 99 pi\u00e8ces en bois num\u00e9rot\u00e9es. Guide de jeu avec instructions inclus.  <\/p>\n<p><strong><u>Dimensions<\/u><\/strong> : 22,5 \u00d7 23,5 \u00d7 3,1 cm<\/p>\n<p><strong><u>Mat\u00e9riau<\/u><\/strong> : Bois<\/p>\n","protected":false},"featured_media":38885,"comment_status":"closed","ping_status":"closed","template":"","meta":{"inline_featured_image":false},"product_brand":[],"product_cat":[179,215],"product_tag":[],"class_list":{"0":"post-38882","1":"product","2":"type-product","3":"status-publish","4":"has-post-thumbnail","6":"product_cat-jeux-jouet-art-de-vivre","7":"product_cat-jeux-jouets-ecologie","9":"first","10":"instock","11":"shipping-taxable","12":"purchasable","13":"product-type-simple"},"aioseo_notices":[],"_links":{"self":[{"href":"https:\/\/prestige-e.com\/fr\/wp-json\/wp\/v2\/product\/38882","targetHints":{"allow":["GET"]}}],"collection":[{"href":"https:\/\/prestige-e.com\/fr\/wp-json\/wp\/v2\/product"}],"about":[{"href":"https:\/\/prestige-e.com\/fr\/wp-json\/wp\/v2\/types\/product"}],"replies":[{"embeddable":true,"href":"https:\/\/prestige-e.com\/fr\/wp-json\/wp\/v2\/comments?post=38882"}],"wp:featuredmedia":[{"embeddable":true,"href":"https:\/\/prestige-e.com\/fr\/wp-json\/wp\/v2\/media\/38885"}],"wp:attachment":[{"href":"https:\/\/prestige-e.com\/fr\/wp-json\/wp\/v2\/media?parent=38882"}],"wp:term":[{"taxonomy":"product_brand","embeddable":true,"href":"https:\/\/prestige-e.com\/fr\/wp-json\/wp\/v2\/product_brand?post=38882"},{"taxonomy":"product_cat","embeddable":true,"href":"https:\/\/prestige-e.com\/fr\/wp-json\/wp\/v2\/product_cat?post=38882"},{"taxonomy":"product_tag","embeddable":true,"href":"https:\/\/prestige-e.com\/fr\/wp-json\/wp\/v2\/product_tag?post=38882"}],"curies":[{"name":"wp","href":"https:\/\/api.w.org\/{rel}","templated":true}]}}