{"id":38865,"date":"2023-03-14T09:55:33","date_gmt":"2023-03-14T08:55:33","guid":{"rendered":"https:\/\/prestige-e.com\/product\/porte-cles-support-zeke\/"},"modified":"2025-11-27T13:26:37","modified_gmt":"2025-11-27T12:26:37","slug":"porte-cles-support-zeke","status":"publish","type":"product","link":"https:\/\/prestige-e.com\/fr\/produit\/porte-cles-support-zeke\/","title":{"rendered":"Porte-cl\u00e9s support Zeke"},"content":{"rendered":"","protected":false},"excerpt":{"rendered":"<p>Porte-cl\u00e9s \u00e9cologique en bambou, avec support pour smartphone int\u00e9gr\u00e9 et cordon original. Pr\u00e9sent\u00e9 dans un sachet individuel avec carton \u00e9cologique \u00e0 l&rsquo;int\u00e9rieur. <\/p>\n<p><strong><u>Dimensions<\/u><\/strong> : 3,8 x 7,4 x 0,6 cm<\/p>\n<p>Mat\u00e9riau: Bambou et ABS<\/p>\n","protected":false},"featured_media":38871,"comment_status":"closed","ping_status":"closed","template":"","meta":{"inline_featured_image":false},"product_brand":[],"product_cat":[218,174,146,178,152,210],"product_tag":[],"class_list":{"0":"post-38865","1":"product","2":"type-product","3":"status-publish","4":"has-post-thumbnail","6":"product_cat-accessoires-art-de-vivre","7":"product_cat-art-de-vivre","8":"product_cat-articles-de-bureau","9":"product_cat-bureau-articles-de-bureau","10":"product_cat-ecologie","11":"product_cat-espace-de-travail-ecologie","13":"first","14":"instock","15":"shipping-taxable","16":"purchasable","17":"product-type-simple"},"aioseo_notices":[],"_links":{"self":[{"href":"https:\/\/prestige-e.com\/fr\/wp-json\/wp\/v2\/product\/38865","targetHints":{"allow":["GET"]}}],"collection":[{"href":"https:\/\/prestige-e.com\/fr\/wp-json\/wp\/v2\/product"}],"about":[{"href":"https:\/\/prestige-e.com\/fr\/wp-json\/wp\/v2\/types\/product"}],"replies":[{"embeddable":true,"href":"https:\/\/prestige-e.com\/fr\/wp-json\/wp\/v2\/comments?post=38865"}],"wp:featuredmedia":[{"embeddable":true,"href":"https:\/\/prestige-e.com\/fr\/wp-json\/wp\/v2\/media\/38871"}],"wp:attachment":[{"href":"https:\/\/prestige-e.com\/fr\/wp-json\/wp\/v2\/media?parent=38865"}],"wp:term":[{"taxonomy":"product_brand","embeddable":true,"href":"https:\/\/prestige-e.com\/fr\/wp-json\/wp\/v2\/product_brand?post=38865"},{"taxonomy":"product_cat","embeddable":true,"href":"https:\/\/prestige-e.com\/fr\/wp-json\/wp\/v2\/product_cat?post=38865"},{"taxonomy":"product_tag","embeddable":true,"href":"https:\/\/prestige-e.com\/fr\/wp-json\/wp\/v2\/product_tag?post=38865"}],"curies":[{"name":"wp","href":"https:\/\/api.w.org\/{rel}","templated":true}]}}