{"id":38859,"date":"2023-03-13T09:43:15","date_gmt":"2023-03-13T08:43:15","guid":{"rendered":"https:\/\/prestige-e.com\/product\/downey-masseur-anti-cellulite-en-bois\/"},"modified":"2025-11-27T13:26:47","modified_gmt":"2025-11-27T12:26:47","slug":"downey-masseur-anti-cellulite-en-bois","status":"publish","type":"product","link":"https:\/\/prestige-e.com\/fr\/produit\/downey-masseur-anti-cellulite-en-bois\/","title":{"rendered":"DOWNEY. Masseur Anti-Cellulite en Bois"},"content":{"rendered":"","protected":false},"excerpt":{"rendered":"<p>Brosse de massage de bain anti-cellulite en bois (250 g\/m\u00b2). Avec une poign\u00e9e en coton pour un massage corporel facile. Livr\u00e9 dans une bo\u00eete kraft. Le produit \u00e9tant fabriqu\u00e9 \u00e0 partir de mat\u00e9riaux naturels, la couleur et la qualit\u00e9 d&rsquo;impression peuvent l\u00e9g\u00e8rement varier.   <\/p>\n<p><strong><u>Dimension<\/u><\/strong> : 13 x 7,5 x 4 cm<\/p>\n<p><strong><u>Mat\u00e9riau<\/u><\/strong> : Bois<\/p>\n","protected":false},"featured_media":38862,"comment_status":"closed","ping_status":"closed","template":"","meta":{"inline_featured_image":false},"product_brand":[],"product_cat":[174,211,152,182],"product_tag":[],"class_list":{"0":"post-38859","1":"product","2":"type-product","3":"status-publish","4":"has-post-thumbnail","6":"product_cat-art-de-vivre","7":"product_cat-articles-pour-la-maison-ecologie","8":"product_cat-ecologie","9":"product_cat-salle-de-bain-art-de-vivre","11":"first","12":"instock","13":"shipping-taxable","14":"purchasable","15":"product-type-simple"},"aioseo_notices":[],"_links":{"self":[{"href":"https:\/\/prestige-e.com\/fr\/wp-json\/wp\/v2\/product\/38859","targetHints":{"allow":["GET"]}}],"collection":[{"href":"https:\/\/prestige-e.com\/fr\/wp-json\/wp\/v2\/product"}],"about":[{"href":"https:\/\/prestige-e.com\/fr\/wp-json\/wp\/v2\/types\/product"}],"replies":[{"embeddable":true,"href":"https:\/\/prestige-e.com\/fr\/wp-json\/wp\/v2\/comments?post=38859"}],"wp:featuredmedia":[{"embeddable":true,"href":"https:\/\/prestige-e.com\/fr\/wp-json\/wp\/v2\/media\/38862"}],"wp:attachment":[{"href":"https:\/\/prestige-e.com\/fr\/wp-json\/wp\/v2\/media?parent=38859"}],"wp:term":[{"taxonomy":"product_brand","embeddable":true,"href":"https:\/\/prestige-e.com\/fr\/wp-json\/wp\/v2\/product_brand?post=38859"},{"taxonomy":"product_cat","embeddable":true,"href":"https:\/\/prestige-e.com\/fr\/wp-json\/wp\/v2\/product_cat?post=38859"},{"taxonomy":"product_tag","embeddable":true,"href":"https:\/\/prestige-e.com\/fr\/wp-json\/wp\/v2\/product_tag?post=38859"}],"curies":[{"name":"wp","href":"https:\/\/api.w.org\/{rel}","templated":true}]}}