{"id":38854,"date":"2023-03-13T09:42:39","date_gmt":"2023-03-13T08:42:39","guid":{"rendered":"https:\/\/prestige-e.com\/product\/delany-brosse-a-dents-avec-manche-en-bambou-et-poils-en-nylon\/"},"modified":"2025-11-27T13:26:47","modified_gmt":"2025-11-27T12:26:47","slug":"delany-brosse-a-dents-avec-manche-en-bambou-et-poils-en-nylon","status":"publish","type":"product","link":"https:\/\/prestige-e.com\/fr\/produit\/delany-brosse-a-dents-avec-manche-en-bambou-et-poils-en-nylon\/","title":{"rendered":"DELANY. Brosse \u00e0 dents avec manche en bambou et poils en nylon"},"content":{"rendered":"","protected":false},"excerpt":{"rendered":"<p>Brosse \u00e0 dents avec un manche en bambou et des poils en nylon. Livr\u00e9e dans un coffret cadeau en papier kraft. Le produit \u00e9tant fabriqu\u00e9 \u00e0 partir de mat\u00e9riaux naturels, la couleur et la qualit\u00e9 d&rsquo;impression peuvent l\u00e9g\u00e8rement varier.  <\/p>\n<p><strong><u>Dimension<\/u><\/strong> : 17,5 x 1,4 x 0,5 cm<\/p>\n<p>Mat\u00e9riau: Bambou et ABS<\/p>\n","protected":false},"featured_media":38857,"comment_status":"closed","ping_status":"closed","template":"","meta":{"inline_featured_image":false},"product_brand":[],"product_cat":[174,211,152,182],"product_tag":[],"class_list":{"0":"post-38854","1":"product","2":"type-product","3":"status-publish","4":"has-post-thumbnail","6":"product_cat-art-de-vivre","7":"product_cat-articles-pour-la-maison-ecologie","8":"product_cat-ecologie","9":"product_cat-salle-de-bain-art-de-vivre","11":"first","12":"instock","13":"shipping-taxable","14":"purchasable","15":"product-type-simple"},"aioseo_notices":[],"_links":{"self":[{"href":"https:\/\/prestige-e.com\/fr\/wp-json\/wp\/v2\/product\/38854","targetHints":{"allow":["GET"]}}],"collection":[{"href":"https:\/\/prestige-e.com\/fr\/wp-json\/wp\/v2\/product"}],"about":[{"href":"https:\/\/prestige-e.com\/fr\/wp-json\/wp\/v2\/types\/product"}],"replies":[{"embeddable":true,"href":"https:\/\/prestige-e.com\/fr\/wp-json\/wp\/v2\/comments?post=38854"}],"wp:featuredmedia":[{"embeddable":true,"href":"https:\/\/prestige-e.com\/fr\/wp-json\/wp\/v2\/media\/38857"}],"wp:attachment":[{"href":"https:\/\/prestige-e.com\/fr\/wp-json\/wp\/v2\/media?parent=38854"}],"wp:term":[{"taxonomy":"product_brand","embeddable":true,"href":"https:\/\/prestige-e.com\/fr\/wp-json\/wp\/v2\/product_brand?post=38854"},{"taxonomy":"product_cat","embeddable":true,"href":"https:\/\/prestige-e.com\/fr\/wp-json\/wp\/v2\/product_cat?post=38854"},{"taxonomy":"product_tag","embeddable":true,"href":"https:\/\/prestige-e.com\/fr\/wp-json\/wp\/v2\/product_tag?post=38854"}],"curies":[{"name":"wp","href":"https:\/\/api.w.org\/{rel}","templated":true}]}}