{"id":38849,"date":"2023-03-13T13:28:54","date_gmt":"2023-03-13T12:28:54","guid":{"rendered":"https:\/\/prestige-e.com\/product\/chapeau-bob-impact-aware-en-toile-rcanvas-285-g-m%c2%b2-non-teint-taille-unique\/"},"modified":"2025-11-27T13:26:45","modified_gmt":"2025-11-27T12:26:45","slug":"chapeau-bob-impact-aware-en-toile-rcanvas-285-g-m%c2%b2-non-teint-taille-unique","status":"publish","type":"product","link":"https:\/\/prestige-e.com\/fr\/produit\/chapeau-bob-impact-aware-en-toile-rcanvas-285-g-m%c2%b2-non-teint-taille-unique\/","title":{"rendered":"Chapeau bob Impact aware\u2122 en toile rcanvas 285 g\/m\u00b2 non teint, taille unique"},"content":{"rendered":"","protected":false},"excerpt":{"rendered":"<p>Le chapeau bob Impact Aware\u2122 en toile 285 g\/m\u00b2 non teint est un mod\u00e8le intemporel en forme de cloche. Ce chapeau bob prot\u00e8ge votre t\u00eate du soleil, est agr\u00e9able \u00e0 porter et \u00e9gaye vos tenues. La toile recycl\u00e9e est non teinte et utilis\u00e9e sous sa forme brute, sans produits chimiques de teinture ou de blanchiment. Avec traceur AWARE\u2122 qui valide l&rsquo;utilisation authentique de mat\u00e9riaux recycl\u00e9s. 2 % des recettes de chaque produit Impact vendu seront revers\u00e9s \u00e0 Water.org. Composition : 70 % coton recycl\u00e9, 30 % polyester recycl\u00e9. Circonf\u00e9rence 58-60 cm, taille unique.      <\/p>\n<p><strong><u>Dimensions<\/u><\/strong> : 15 x 25 cm<\/p>\n<p><strong><u>Mat\u00e9riau<\/u><\/strong> : toile recycl\u00e9e<\/p>\n","protected":false},"featured_media":38852,"comment_status":"closed","ping_status":"closed","template":"","meta":{"inline_featured_image":false},"product_brand":[],"product_cat":[149,148],"product_tag":[],"class_list":{"0":"post-38849","1":"product","2":"type-product","3":"status-publish","4":"has-post-thumbnail","6":"product_cat-couvre-chefs-mode","7":"product_cat-mode","9":"first","10":"instock","11":"shipping-taxable","12":"purchasable","13":"product-type-simple"},"aioseo_notices":[],"_links":{"self":[{"href":"https:\/\/prestige-e.com\/fr\/wp-json\/wp\/v2\/product\/38849","targetHints":{"allow":["GET"]}}],"collection":[{"href":"https:\/\/prestige-e.com\/fr\/wp-json\/wp\/v2\/product"}],"about":[{"href":"https:\/\/prestige-e.com\/fr\/wp-json\/wp\/v2\/types\/product"}],"replies":[{"embeddable":true,"href":"https:\/\/prestige-e.com\/fr\/wp-json\/wp\/v2\/comments?post=38849"}],"wp:featuredmedia":[{"embeddable":true,"href":"https:\/\/prestige-e.com\/fr\/wp-json\/wp\/v2\/media\/38852"}],"wp:attachment":[{"href":"https:\/\/prestige-e.com\/fr\/wp-json\/wp\/v2\/media?parent=38849"}],"wp:term":[{"taxonomy":"product_brand","embeddable":true,"href":"https:\/\/prestige-e.com\/fr\/wp-json\/wp\/v2\/product_brand?post=38849"},{"taxonomy":"product_cat","embeddable":true,"href":"https:\/\/prestige-e.com\/fr\/wp-json\/wp\/v2\/product_cat?post=38849"},{"taxonomy":"product_tag","embeddable":true,"href":"https:\/\/prestige-e.com\/fr\/wp-json\/wp\/v2\/product_tag?post=38849"}],"curies":[{"name":"wp","href":"https:\/\/api.w.org\/{rel}","templated":true}]}}