{"id":38845,"date":"2023-03-13T09:37:18","date_gmt":"2023-03-13T08:37:18","guid":{"rendered":"https:\/\/prestige-e.com\/product\/coussin-de-voyage\/"},"modified":"2025-11-27T13:26:48","modified_gmt":"2025-11-27T12:26:48","slug":"coussin-de-voyage","status":"publish","type":"product","link":"https:\/\/prestige-e.com\/fr\/produit\/coussin-de-voyage\/","title":{"rendered":"Coussin de voyage"},"content":{"rendered":"","protected":false},"excerpt":{"rendered":"<p>Coussin de voyage en tissu cationique. Livr\u00e9 avec un sac \u00e0 cordon en polyester RPET. Id\u00e9al pour une utilisation en voiture, train ou avion.  <\/p>\n<p><strong><u>Dimensions<\/u><\/strong> : 28 x 18 x 18 cm<\/p>\n<p><strong><u>Mat\u00e9riau<\/u><\/strong> : PU<\/p>\n","protected":false},"featured_media":38846,"comment_status":"closed","ping_status":"closed","template":"","meta":{"inline_featured_image":false},"product_brand":[],"product_cat":[185,225,172,189],"product_tag":[],"class_list":{"0":"post-38845","1":"product","2":"type-product","3":"status-publish","4":"has-post-thumbnail","6":"product_cat-accessoires-soins-de-sante","7":"product_cat-accessoires-voyage","8":"product_cat-sante","9":"product_cat-voyage","11":"first","12":"instock","13":"shipping-taxable","14":"purchasable","15":"product-type-simple"},"aioseo_notices":[],"_links":{"self":[{"href":"https:\/\/prestige-e.com\/fr\/wp-json\/wp\/v2\/product\/38845","targetHints":{"allow":["GET"]}}],"collection":[{"href":"https:\/\/prestige-e.com\/fr\/wp-json\/wp\/v2\/product"}],"about":[{"href":"https:\/\/prestige-e.com\/fr\/wp-json\/wp\/v2\/types\/product"}],"replies":[{"embeddable":true,"href":"https:\/\/prestige-e.com\/fr\/wp-json\/wp\/v2\/comments?post=38845"}],"wp:featuredmedia":[{"embeddable":true,"href":"https:\/\/prestige-e.com\/fr\/wp-json\/wp\/v2\/media\/38846"}],"wp:attachment":[{"href":"https:\/\/prestige-e.com\/fr\/wp-json\/wp\/v2\/media?parent=38845"}],"wp:term":[{"taxonomy":"product_brand","embeddable":true,"href":"https:\/\/prestige-e.com\/fr\/wp-json\/wp\/v2\/product_brand?post=38845"},{"taxonomy":"product_cat","embeddable":true,"href":"https:\/\/prestige-e.com\/fr\/wp-json\/wp\/v2\/product_cat?post=38845"},{"taxonomy":"product_tag","embeddable":true,"href":"https:\/\/prestige-e.com\/fr\/wp-json\/wp\/v2\/product_tag?post=38845"}],"curies":[{"name":"wp","href":"https:\/\/api.w.org\/{rel}","templated":true}]}}