{"id":38838,"date":"2023-03-13T09:43:58","date_gmt":"2023-03-13T08:43:58","guid":{"rendered":"https:\/\/prestige-e.com\/product\/masque-de-sommeil-buxtok\/"},"modified":"2025-11-27T13:26:46","modified_gmt":"2025-11-27T12:26:46","slug":"masque-de-sommeil-buxtok","status":"publish","type":"product","link":"https:\/\/prestige-e.com\/fr\/produit\/masque-de-sommeil-buxtok\/","title":{"rendered":"Masque de sommeil buxtok"},"content":{"rendered":"","protected":false},"excerpt":{"rendered":"<p>Masque de voyage avec un ajustement doux et confortable, disponible dans une large gamme de couleurs. Fabriqu\u00e9 en RPET, avec double attache \u00e9lastique. Pr\u00e9sent\u00e9 dans un \u00e9tui individuel en RPET de couleur assortie et avec fermeture \u00e0 cordon. Mention RPET distinctive sur le masque et l&rsquo;\u00e9tui.<br \/>\nLe mat\u00e9riau RPET est fabriqu\u00e9 \u00e0 partir de plastique recycl\u00e9, pour encourager la r\u00e9utilisation des d\u00e9chets plastiques et contribuer \u00e0 la durabilit\u00e9 de la plan\u00e8te.   <\/p>\n<p><strong><u>Dimension<\/u><\/strong> : 18,5 x 9 cm<\/p>\n<p><strong><u>Mat\u00e9riau<\/u><\/strong> : Polyester RPET<\/p>\n","protected":false},"featured_media":38841,"comment_status":"closed","ping_status":"closed","template":"","meta":{"inline_featured_image":false},"product_brand":[],"product_cat":[225,189],"product_tag":[],"class_list":{"0":"post-38838","1":"product","2":"type-product","3":"status-publish","4":"has-post-thumbnail","6":"product_cat-accessoires-voyage","7":"product_cat-voyage","9":"first","10":"instock","11":"shipping-taxable","12":"purchasable","13":"product-type-simple"},"aioseo_notices":[],"_links":{"self":[{"href":"https:\/\/prestige-e.com\/fr\/wp-json\/wp\/v2\/product\/38838","targetHints":{"allow":["GET"]}}],"collection":[{"href":"https:\/\/prestige-e.com\/fr\/wp-json\/wp\/v2\/product"}],"about":[{"href":"https:\/\/prestige-e.com\/fr\/wp-json\/wp\/v2\/types\/product"}],"replies":[{"embeddable":true,"href":"https:\/\/prestige-e.com\/fr\/wp-json\/wp\/v2\/comments?post=38838"}],"wp:featuredmedia":[{"embeddable":true,"href":"https:\/\/prestige-e.com\/fr\/wp-json\/wp\/v2\/media\/38841"}],"wp:attachment":[{"href":"https:\/\/prestige-e.com\/fr\/wp-json\/wp\/v2\/media?parent=38838"}],"wp:term":[{"taxonomy":"product_brand","embeddable":true,"href":"https:\/\/prestige-e.com\/fr\/wp-json\/wp\/v2\/product_brand?post=38838"},{"taxonomy":"product_cat","embeddable":true,"href":"https:\/\/prestige-e.com\/fr\/wp-json\/wp\/v2\/product_cat?post=38838"},{"taxonomy":"product_tag","embeddable":true,"href":"https:\/\/prestige-e.com\/fr\/wp-json\/wp\/v2\/product_tag?post=38838"}],"curies":[{"name":"wp","href":"https:\/\/api.w.org\/{rel}","templated":true}]}}