{"id":38834,"date":"2023-03-13T13:43:39","date_gmt":"2023-03-13T12:43:39","guid":{"rendered":"https:\/\/prestige-e.com\/product\/sac-a-dos-vinga-bosler-en-toile-recyclee-grs\/"},"modified":"2025-11-27T13:26:44","modified_gmt":"2025-11-27T12:26:44","slug":"sac-a-dos-vinga-bosler-en-toile-recyclee-grs","status":"publish","type":"product","link":"https:\/\/prestige-e.com\/fr\/produit\/sac-a-dos-vinga-bosler-en-toile-recyclee-grs\/","title":{"rendered":"Sac \u00e0 dos VINGA Bosler en toile recycl\u00e9e GRS"},"content":{"rendered":"","protected":false},"excerpt":{"rendered":"<p>Un sac sophistiqu\u00e9 fabriqu\u00e9 \u00e0 partir de 62 % de mat\u00e9riaux recycl\u00e9s. Ce sac d&rsquo;ordinateur rembourr\u00e9 convient aux ordinateurs portables jusqu&rsquo;\u00e0 17 pouces et sera utile pendant des ann\u00e9es gr\u00e2ce \u00e0 des mat\u00e9riaux de haute qualit\u00e9 et \u00e0 un design classique. Fabriqu\u00e9 \u00e0 partir de mat\u00e9riaux recycl\u00e9s certifi\u00e9s GRS (Global Recycle Standard), la certification GRS garantissant des cha\u00eenes d&rsquo;approvisionnement enti\u00e8rement certifi\u00e9es de mat\u00e9riaux recycl\u00e9s. Teneur totale en mati\u00e8res recycl\u00e9es bas\u00e9e sur le poids total du produit. Convient aux ordinateurs d&rsquo;une taille globale de 17 pouces. Veuillez noter que les dimensions de l&rsquo;\u00e9cran ne sont pas les m\u00eames que les dimensions de l&rsquo;ensemble de l&rsquo;ordinateur.     <\/p>\n<p><strong><u>Dimension<\/u><\/strong>&nbsp;: 43 x 13 x 30,5 cm<\/p>\n<p><strong><u>Mat\u00e9riau<\/u><\/strong> : toile recycl\u00e9e et polyester<\/p>\n","protected":false},"featured_media":38835,"comment_status":"closed","ping_status":"closed","template":"","meta":{"inline_featured_image":false},"product_brand":[],"product_cat":[146,227,224,189],"product_tag":[],"class_list":{"0":"post-38834","1":"product","2":"type-product","3":"status-publish","4":"has-post-thumbnail","6":"product_cat-articles-de-bureau","7":"product_cat-sacs-bureau","8":"product_cat-sacs-voyage","9":"product_cat-voyage","11":"first","12":"instock","13":"shipping-taxable","14":"purchasable","15":"product-type-simple"},"aioseo_notices":[],"_links":{"self":[{"href":"https:\/\/prestige-e.com\/fr\/wp-json\/wp\/v2\/product\/38834","targetHints":{"allow":["GET"]}}],"collection":[{"href":"https:\/\/prestige-e.com\/fr\/wp-json\/wp\/v2\/product"}],"about":[{"href":"https:\/\/prestige-e.com\/fr\/wp-json\/wp\/v2\/types\/product"}],"replies":[{"embeddable":true,"href":"https:\/\/prestige-e.com\/fr\/wp-json\/wp\/v2\/comments?post=38834"}],"wp:featuredmedia":[{"embeddable":true,"href":"https:\/\/prestige-e.com\/fr\/wp-json\/wp\/v2\/media\/38835"}],"wp:attachment":[{"href":"https:\/\/prestige-e.com\/fr\/wp-json\/wp\/v2\/media?parent=38834"}],"wp:term":[{"taxonomy":"product_brand","embeddable":true,"href":"https:\/\/prestige-e.com\/fr\/wp-json\/wp\/v2\/product_brand?post=38834"},{"taxonomy":"product_cat","embeddable":true,"href":"https:\/\/prestige-e.com\/fr\/wp-json\/wp\/v2\/product_cat?post=38834"},{"taxonomy":"product_tag","embeddable":true,"href":"https:\/\/prestige-e.com\/fr\/wp-json\/wp\/v2\/product_tag?post=38834"}],"curies":[{"name":"wp","href":"https:\/\/api.w.org\/{rel}","templated":true}]}}