{"id":38831,"date":"2023-03-13T13:42:55","date_gmt":"2023-03-13T12:42:55","guid":{"rendered":"https:\/\/prestige-e.com\/product\/sacoche-pour-ordinateur-dark-line\/"},"modified":"2025-11-27T13:26:44","modified_gmt":"2025-11-27T12:26:44","slug":"sacoche-pour-ordinateur-dark-line","status":"publish","type":"product","link":"https:\/\/prestige-e.com\/fr\/produit\/sacoche-pour-ordinateur-dark-line\/","title":{"rendered":"Sacoche pour ordinateur DARK LINE"},"content":{"rendered":"","protected":false},"excerpt":{"rendered":"<p>DARK LINE<br \/>\nSacoche pour ordinateur<br \/>\nEnti\u00e8rement rembourr\u00e9e<br \/>\n2 compartiments principaux zipp\u00e9s, 1 poche avant zipp\u00e9e, 1 poche int\u00e9rieure en maille<br \/>\nBandouli\u00e8re ajustable et amovible, 2 poign\u00e9es, passant pour trolley<\/p>\n<p><strong><u>Dimensions<\/u><\/strong> : 40 x 28 x 12 cm<\/p>\n<p><strong><u>Mat\u00e9riau<\/u><\/strong> : 100 % toile PET recycl\u00e9e 400 g\/m\u00b2. Doublure en PET recycl\u00e9 210D <\/p>\n","protected":false},"featured_media":38832,"comment_status":"closed","ping_status":"closed","template":"","meta":{"inline_featured_image":false},"product_brand":[],"product_cat":[146,227],"product_tag":[],"class_list":{"0":"post-38831","1":"product","2":"type-product","3":"status-publish","4":"has-post-thumbnail","6":"product_cat-articles-de-bureau","7":"product_cat-sacs-bureau","9":"first","10":"instock","11":"shipping-taxable","12":"purchasable","13":"product-type-simple"},"aioseo_notices":[],"_links":{"self":[{"href":"https:\/\/prestige-e.com\/fr\/wp-json\/wp\/v2\/product\/38831","targetHints":{"allow":["GET"]}}],"collection":[{"href":"https:\/\/prestige-e.com\/fr\/wp-json\/wp\/v2\/product"}],"about":[{"href":"https:\/\/prestige-e.com\/fr\/wp-json\/wp\/v2\/types\/product"}],"replies":[{"embeddable":true,"href":"https:\/\/prestige-e.com\/fr\/wp-json\/wp\/v2\/comments?post=38831"}],"wp:featuredmedia":[{"embeddable":true,"href":"https:\/\/prestige-e.com\/fr\/wp-json\/wp\/v2\/media\/38832"}],"wp:attachment":[{"href":"https:\/\/prestige-e.com\/fr\/wp-json\/wp\/v2\/media?parent=38831"}],"wp:term":[{"taxonomy":"product_brand","embeddable":true,"href":"https:\/\/prestige-e.com\/fr\/wp-json\/wp\/v2\/product_brand?post=38831"},{"taxonomy":"product_cat","embeddable":true,"href":"https:\/\/prestige-e.com\/fr\/wp-json\/wp\/v2\/product_cat?post=38831"},{"taxonomy":"product_tag","embeddable":true,"href":"https:\/\/prestige-e.com\/fr\/wp-json\/wp\/v2\/product_tag?post=38831"}],"curies":[{"name":"wp","href":"https:\/\/api.w.org\/{rel}","templated":true}]}}