{"id":38828,"date":"2023-03-13T13:31:01","date_gmt":"2023-03-13T12:31:01","guid":{"rendered":"https:\/\/prestige-e.com\/product\/casquette-6-pans-impact-en-coton-recycle-280gr-avec-traceur-aware\/"},"modified":"2025-11-27T13:26:45","modified_gmt":"2025-11-27T12:26:45","slug":"casquette-6-pans-impact-en-coton-recycle-280gr-avec-traceur-aware","status":"publish","type":"product","link":"https:\/\/prestige-e.com\/fr\/produit\/casquette-6-pans-impact-en-coton-recycle-280gr-avec-traceur-aware\/","title":{"rendered":"Casquette 6 pans Impact en coton recycl\u00e9 280gr avec traceur AWARE\u2122"},"content":{"rendered":"","protected":false},"excerpt":{"rendered":"<p>Stop au greenwashing ! La collection Impact utilise le traceur AWARE\u2122. Avec AWARE\u2122, l&rsquo;utilisation de mat\u00e9riaux textiles recycl\u00e9s authentiques et les d\u00e9clarations d&rsquo;impact sur la conservation de l&rsquo;eau sont garanties. \u00c9conomisez l&rsquo;eau et utilisez d&rsquo;authentiques tissus recycl\u00e9s, gr\u00e2ce au traceur AWARE et \u00e0 la technologie blockchain. 2 % des recettes de chaque produit Impact vendu seront revers\u00e9s \u00e0 Water.org. Design simple et confortable, adapt\u00e9 \u00e0 tous. Cette casquette 6 pans est dot\u00e9e d&rsquo;une visi\u00e8re incurv\u00e9e, d&rsquo;\u0153illets brod\u00e9s pour la ventilation et d&rsquo;une boucle en m\u00e9tal. Fabriqu\u00e9e \u00e0 partir de serg\u00e9 de coton 100 % recycl\u00e9 et du traceur AWARE\u2122. 280 g\/m\u00b2. Taille 58 cm. Les \u00e9conomies d&rsquo;eau sont bas\u00e9es sur des chiffres compar\u00e9s aux fibres conventionnelles. Cette affirmation est bas\u00e9e sur des donn\u00e9es LCA fiables publi\u00e9es par Textile Exchange dans ses Material Snapshots 2016.           <\/p>\n<p><strong><u>Dimension<\/u><\/strong>&nbsp;: 12 x 18,5 cm<\/p>\n<p><strong><u>Mat\u00e9riau<\/u><\/strong> : Coton recycl\u00e9<\/p>\n","protected":false},"featured_media":38829,"comment_status":"closed","ping_status":"closed","template":"","meta":{"inline_featured_image":false},"product_brand":[],"product_cat":[149,152,148,153],"product_tag":[],"class_list":{"0":"post-38828","1":"product","2":"type-product","3":"status-publish","4":"has-post-thumbnail","6":"product_cat-couvre-chefs-mode","7":"product_cat-ecologie","8":"product_cat-mode","9":"product_cat-textile-ecologie","11":"first","12":"instock","13":"shipping-taxable","14":"purchasable","15":"product-type-simple"},"aioseo_notices":[],"_links":{"self":[{"href":"https:\/\/prestige-e.com\/fr\/wp-json\/wp\/v2\/product\/38828","targetHints":{"allow":["GET"]}}],"collection":[{"href":"https:\/\/prestige-e.com\/fr\/wp-json\/wp\/v2\/product"}],"about":[{"href":"https:\/\/prestige-e.com\/fr\/wp-json\/wp\/v2\/types\/product"}],"replies":[{"embeddable":true,"href":"https:\/\/prestige-e.com\/fr\/wp-json\/wp\/v2\/comments?post=38828"}],"wp:featuredmedia":[{"embeddable":true,"href":"https:\/\/prestige-e.com\/fr\/wp-json\/wp\/v2\/media\/38829"}],"wp:attachment":[{"href":"https:\/\/prestige-e.com\/fr\/wp-json\/wp\/v2\/media?parent=38828"}],"wp:term":[{"taxonomy":"product_brand","embeddable":true,"href":"https:\/\/prestige-e.com\/fr\/wp-json\/wp\/v2\/product_brand?post=38828"},{"taxonomy":"product_cat","embeddable":true,"href":"https:\/\/prestige-e.com\/fr\/wp-json\/wp\/v2\/product_cat?post=38828"},{"taxonomy":"product_tag","embeddable":true,"href":"https:\/\/prestige-e.com\/fr\/wp-json\/wp\/v2\/product_tag?post=38828"}],"curies":[{"name":"wp","href":"https:\/\/api.w.org\/{rel}","templated":true}]}}