{"id":38821,"date":"2023-03-13T13:50:58","date_gmt":"2023-03-13T12:50:58","guid":{"rendered":"https:\/\/prestige-e.com\/product\/trousse-de-toilette-impact-aware-en-toile-recyclee-285-g-m%c2%b2-non-teinte\/"},"modified":"2025-11-27T13:26:44","modified_gmt":"2025-11-27T12:26:44","slug":"trousse-de-toilette-impact-aware-en-toile-recyclee-285-g-m%c2%b2-non-teinte","status":"publish","type":"product","link":"https:\/\/prestige-e.com\/fr\/produit\/trousse-de-toilette-impact-aware-en-toile-recyclee-285-g-m%c2%b2-non-teinte\/","title":{"rendered":"Trousse de toilette Impact aware\u2122 en toile recycl\u00e9e 285 g\/m\u00b2 non teinte"},"content":{"rendered":"","protected":false},"excerpt":{"rendered":"<p>Une trousse de toilette classique en toile recycl\u00e9e Impact AWARE\u2122 de 285 g\/m\u00b2 pour tous vos essentiels. Gardez vos produits de beaut\u00e9 dans un compartiment spacieux. Avec le traceur AWARE\u2122 qui valide l&rsquo;utilisation authentique de mat\u00e9riaux recycl\u00e9s. La toile recycl\u00e9e est non teinte et utilis\u00e9e sous sa forme brute, sans produits chimiques issus de la teinture ou du blanchiment. 2% des recettes de chaque produit Aware\u2122 vendu seront revers\u00e9s \u00e0 Water.org.    <\/p>\n<p><strong><u>Dimensions<\/u><\/strong> : 27 x 11 x 15 cm<\/p>\n<p><strong><u>Mat\u00e9riau<\/u><\/strong> : toile recycl\u00e9e<\/p>\n","protected":false},"featured_media":38823,"comment_status":"closed","ping_status":"closed","template":"","meta":{"inline_featured_image":false},"product_brand":[],"product_cat":[224,189],"product_tag":[],"class_list":{"0":"post-38821","1":"product","2":"type-product","3":"status-publish","4":"has-post-thumbnail","6":"product_cat-sacs-voyage","7":"product_cat-voyage","9":"first","10":"instock","11":"shipping-taxable","12":"purchasable","13":"product-type-simple"},"aioseo_notices":[],"_links":{"self":[{"href":"https:\/\/prestige-e.com\/fr\/wp-json\/wp\/v2\/product\/38821","targetHints":{"allow":["GET"]}}],"collection":[{"href":"https:\/\/prestige-e.com\/fr\/wp-json\/wp\/v2\/product"}],"about":[{"href":"https:\/\/prestige-e.com\/fr\/wp-json\/wp\/v2\/types\/product"}],"replies":[{"embeddable":true,"href":"https:\/\/prestige-e.com\/fr\/wp-json\/wp\/v2\/comments?post=38821"}],"wp:featuredmedia":[{"embeddable":true,"href":"https:\/\/prestige-e.com\/fr\/wp-json\/wp\/v2\/media\/38823"}],"wp:attachment":[{"href":"https:\/\/prestige-e.com\/fr\/wp-json\/wp\/v2\/media?parent=38821"}],"wp:term":[{"taxonomy":"product_brand","embeddable":true,"href":"https:\/\/prestige-e.com\/fr\/wp-json\/wp\/v2\/product_brand?post=38821"},{"taxonomy":"product_cat","embeddable":true,"href":"https:\/\/prestige-e.com\/fr\/wp-json\/wp\/v2\/product_cat?post=38821"},{"taxonomy":"product_tag","embeddable":true,"href":"https:\/\/prestige-e.com\/fr\/wp-json\/wp\/v2\/product_tag?post=38821"}],"curies":[{"name":"wp","href":"https:\/\/api.w.org\/{rel}","templated":true}]}}