{"id":38820,"date":"2023-03-13T09:46:28","date_gmt":"2023-03-13T08:46:28","guid":{"rendered":"https:\/\/prestige-e.com\/product\/brosse-nettoyante-visage-tospin\/"},"modified":"2025-11-27T13:26:46","modified_gmt":"2025-11-27T12:26:46","slug":"brosse-nettoyante-visage-tospin","status":"publish","type":"product","link":"https:\/\/prestige-e.com\/fr\/produit\/brosse-nettoyante-visage-tospin\/","title":{"rendered":"Brosse nettoyante visage Tospin"},"content":{"rendered":"","protected":false},"excerpt":{"rendered":"<p>Ligne Nature, nettoyant visage en bois issu de coupes naturelles. Brosse aux fibres exfoliantes ultra-fines et extra-douces pour un nettoyage efficace de la peau, favorisant son soin et son hygi\u00e8ne. Avec manche ergonomique pour une utilisation facile et confortable. Pr\u00e9sent\u00e9e dans un coffret individuel \u00e9co-con\u00e7u en carton kraft.   <\/p>\n<p><strong><u>Dimensions<\/u><\/strong> : 8,3 x 4,5 x 5,3 cm<\/p>\n<p><strong><u>Mat\u00e9riau<\/u><\/strong> : Bois<\/p>\n","protected":false},"featured_media":38826,"comment_status":"closed","ping_status":"closed","template":"","meta":{"inline_featured_image":false},"product_brand":[],"product_cat":[174,182],"product_tag":[],"class_list":{"0":"post-38820","1":"product","2":"type-product","3":"status-publish","4":"has-post-thumbnail","6":"product_cat-art-de-vivre","7":"product_cat-salle-de-bain-art-de-vivre","9":"first","10":"instock","11":"shipping-taxable","12":"purchasable","13":"product-type-simple"},"aioseo_notices":[],"_links":{"self":[{"href":"https:\/\/prestige-e.com\/fr\/wp-json\/wp\/v2\/product\/38820","targetHints":{"allow":["GET"]}}],"collection":[{"href":"https:\/\/prestige-e.com\/fr\/wp-json\/wp\/v2\/product"}],"about":[{"href":"https:\/\/prestige-e.com\/fr\/wp-json\/wp\/v2\/types\/product"}],"replies":[{"embeddable":true,"href":"https:\/\/prestige-e.com\/fr\/wp-json\/wp\/v2\/comments?post=38820"}],"wp:featuredmedia":[{"embeddable":true,"href":"https:\/\/prestige-e.com\/fr\/wp-json\/wp\/v2\/media\/38826"}],"wp:attachment":[{"href":"https:\/\/prestige-e.com\/fr\/wp-json\/wp\/v2\/media?parent=38820"}],"wp:term":[{"taxonomy":"product_brand","embeddable":true,"href":"https:\/\/prestige-e.com\/fr\/wp-json\/wp\/v2\/product_brand?post=38820"},{"taxonomy":"product_cat","embeddable":true,"href":"https:\/\/prestige-e.com\/fr\/wp-json\/wp\/v2\/product_cat?post=38820"},{"taxonomy":"product_tag","embeddable":true,"href":"https:\/\/prestige-e.com\/fr\/wp-json\/wp\/v2\/product_tag?post=38820"}],"curies":[{"name":"wp","href":"https:\/\/api.w.org\/{rel}","templated":true}]}}