{"id":38812,"date":"2023-03-13T13:45:24","date_gmt":"2023-03-13T12:45:24","guid":{"rendered":"https:\/\/prestige-e.com\/product\/sac-de-voyage-en-toile-recyclee-impact-aware-285-g-m%c2%b2-non-teint\/"},"modified":"2025-11-27T13:26:44","modified_gmt":"2025-11-27T12:26:44","slug":"sac-de-voyage-en-toile-recyclee-impact-aware-285-g-m%c2%b2-non-teint","status":"publish","type":"product","link":"https:\/\/prestige-e.com\/fr\/produit\/sac-de-voyage-en-toile-recyclee-impact-aware-285-g-m%c2%b2-non-teint\/","title":{"rendered":"Sac de voyage en toile recycl\u00e9e Impact AWARE\u2122 285 g\/m\u00b2 non teint"},"content":{"rendered":"","protected":false},"excerpt":{"rendered":"<p>Le sac de voyage en toile recycl\u00e9e Impact AWARE\u2122 285 g\/m\u00b2 non teint est le moyen id\u00e9al pour transporter vos effets essentiels lors d&rsquo;un court s\u00e9jour. Ce sac spacieux offre suffisamment de place pour vos affaires indispensables. La toile recycl\u00e9e est non teinte et utilis\u00e9e sous sa forme brute, sans produits chimiques issus de la teinture ou du blanchiment. Avec le traceur AWARE\u2122 qui valide l&rsquo;utilisation authentique de mat\u00e9riaux recycl\u00e9s. 2% des recettes de chaque produit Impact vendu seront revers\u00e9s \u00e0 Water.org. Composition : 70% coton recycl\u00e9, 30% polyester recycl\u00e9.     <\/p>\n<p><strong><u>Dimensions<\/u><\/strong> : 52 x 45 x 20 cm<\/p>\n<p><strong><u>Mat\u00e9riau<\/u><\/strong> : toile recycl\u00e9e<\/p>\n","protected":false},"featured_media":38815,"comment_status":"closed","ping_status":"closed","template":"","meta":{"inline_featured_image":false},"product_brand":[],"product_cat":[152,212,224,189],"product_tag":[],"class_list":{"0":"post-38812","1":"product","2":"type-product","3":"status-publish","4":"has-post-thumbnail","6":"product_cat-ecologie","7":"product_cat-sacs-ecologie","8":"product_cat-sacs-voyage","9":"product_cat-voyage","11":"first","12":"instock","13":"shipping-taxable","14":"purchasable","15":"product-type-simple"},"aioseo_notices":[],"_links":{"self":[{"href":"https:\/\/prestige-e.com\/fr\/wp-json\/wp\/v2\/product\/38812","targetHints":{"allow":["GET"]}}],"collection":[{"href":"https:\/\/prestige-e.com\/fr\/wp-json\/wp\/v2\/product"}],"about":[{"href":"https:\/\/prestige-e.com\/fr\/wp-json\/wp\/v2\/types\/product"}],"replies":[{"embeddable":true,"href":"https:\/\/prestige-e.com\/fr\/wp-json\/wp\/v2\/comments?post=38812"}],"wp:featuredmedia":[{"embeddable":true,"href":"https:\/\/prestige-e.com\/fr\/wp-json\/wp\/v2\/media\/38815"}],"wp:attachment":[{"href":"https:\/\/prestige-e.com\/fr\/wp-json\/wp\/v2\/media?parent=38812"}],"wp:term":[{"taxonomy":"product_brand","embeddable":true,"href":"https:\/\/prestige-e.com\/fr\/wp-json\/wp\/v2\/product_brand?post=38812"},{"taxonomy":"product_cat","embeddable":true,"href":"https:\/\/prestige-e.com\/fr\/wp-json\/wp\/v2\/product_cat?post=38812"},{"taxonomy":"product_tag","embeddable":true,"href":"https:\/\/prestige-e.com\/fr\/wp-json\/wp\/v2\/product_tag?post=38812"}],"curies":[{"name":"wp","href":"https:\/\/api.w.org\/{rel}","templated":true}]}}