{"id":38809,"date":"2023-03-13T13:58:37","date_gmt":"2023-03-13T12:58:37","guid":{"rendered":"https:\/\/prestige-e.com\/product\/sac-a-cordon-ferdin-commerce-equitable\/"},"modified":"2025-11-27T13:26:43","modified_gmt":"2025-11-27T12:26:43","slug":"sac-a-cordon-ferdin-commerce-equitable","status":"publish","type":"product","link":"https:\/\/prestige-e.com\/fr\/produit\/sac-a-cordon-ferdin-commerce-equitable\/","title":{"rendered":"Sac \u00e0 cordon ferdin commerce \u00e9quitable"},"content":{"rendered":"","protected":false},"excerpt":{"rendered":"<p>Sac \u00e0 cordon de la gamme Nature, fabriqu\u00e9 en 100% coton 140g\/m2. Avec certification Fairtrade, une alternative au syst\u00e8me commercial conventionnel qui vise le d\u00e9veloppement des peuples et la lutte contre la pauvret\u00e9. Finition cousue et cordons assortis en coton avec base de ton naturel et partie sup\u00e9rieure avant disponible en noir et couleurs naturelles. \u00c9tiquette Fairtrade et \u00e9tiquette volante en carton recycl\u00e9 incluses.   <\/p>\n<p><strong><u>Dimension<\/u><\/strong> : 38 x 42 cm<\/p>\n<p><strong><u>Mat\u00e9riau<\/u><\/strong> : Coton 140 g\/m2<\/p>\n","protected":false},"featured_media":38810,"comment_status":"closed","ping_status":"closed","template":"","meta":{"inline_featured_image":false},"product_brand":[],"product_cat":[174,219,224,189],"product_tag":[],"class_list":{"0":"post-38809","1":"product","2":"type-product","3":"status-publish","4":"has-post-thumbnail","6":"product_cat-art-de-vivre","7":"product_cat-sacs-art-de-vivre","8":"product_cat-sacs-voyage","9":"product_cat-voyage","11":"first","12":"instock","13":"shipping-taxable","14":"purchasable","15":"product-type-simple"},"aioseo_notices":[],"_links":{"self":[{"href":"https:\/\/prestige-e.com\/fr\/wp-json\/wp\/v2\/product\/38809","targetHints":{"allow":["GET"]}}],"collection":[{"href":"https:\/\/prestige-e.com\/fr\/wp-json\/wp\/v2\/product"}],"about":[{"href":"https:\/\/prestige-e.com\/fr\/wp-json\/wp\/v2\/types\/product"}],"replies":[{"embeddable":true,"href":"https:\/\/prestige-e.com\/fr\/wp-json\/wp\/v2\/comments?post=38809"}],"wp:featuredmedia":[{"embeddable":true,"href":"https:\/\/prestige-e.com\/fr\/wp-json\/wp\/v2\/media\/38810"}],"wp:attachment":[{"href":"https:\/\/prestige-e.com\/fr\/wp-json\/wp\/v2\/media?parent=38809"}],"wp:term":[{"taxonomy":"product_brand","embeddable":true,"href":"https:\/\/prestige-e.com\/fr\/wp-json\/wp\/v2\/product_brand?post=38809"},{"taxonomy":"product_cat","embeddable":true,"href":"https:\/\/prestige-e.com\/fr\/wp-json\/wp\/v2\/product_cat?post=38809"},{"taxonomy":"product_tag","embeddable":true,"href":"https:\/\/prestige-e.com\/fr\/wp-json\/wp\/v2\/product_tag?post=38809"}],"curies":[{"name":"wp","href":"https:\/\/api.w.org\/{rel}","templated":true}]}}