{"id":38806,"date":"2023-03-13T13:52:49","date_gmt":"2023-03-13T12:52:49","guid":{"rendered":"https:\/\/prestige-e.com\/product\/trousse-de-toilette-vinga-bosler-en-toile-recyclee-grs\/"},"modified":"2025-11-27T13:26:43","modified_gmt":"2025-11-27T12:26:43","slug":"trousse-de-toilette-vinga-bosler-en-toile-recyclee-grs","status":"publish","type":"product","link":"https:\/\/prestige-e.com\/fr\/produit\/trousse-de-toilette-vinga-bosler-en-toile-recyclee-grs\/","title":{"rendered":"Trousse de toilette VINGA bosler en toile recycl\u00e9e GRS"},"content":{"rendered":"","protected":false},"excerpt":{"rendered":"<p>Une trousse de toilette \u00e9l\u00e9gante et pratique fabriqu\u00e9e \u00e0 partir de 54 % de mat\u00e9riaux recycl\u00e9s certifi\u00e9s. Elle dispose de plusieurs compartiments internes qui vous permettent d&rsquo;organiser vos produits de mani\u00e8re pratique. Son design \u00e9l\u00e9gant et polyvalent lui permet de s&rsquo;ins\u00e9rer facilement dans un sac plus grand pour vos voyages. Une solution simple et efficace pour tous vos besoins en d\u00e9placement. Fabriqu\u00e9e \u00e0 partir de mat\u00e9riaux recycl\u00e9s certifi\u00e9s GRS (Global Recycled Standard), avec la certification GRS garantissant des cha\u00eenes d&rsquo;approvisionnement enti\u00e8rement certifi\u00e9es en mat\u00e9riaux recycl\u00e9s. Le contenu total recycl\u00e9 est bas\u00e9 sur le poids total du produit.    <\/p>\n<p><strong><u>Dimensions<\/u><\/strong> : 18 x 7 x 27 cm<\/p>\n<p><strong><u>Mat\u00e9riau<\/u><\/strong> : toile recycl\u00e9e et polyester<\/p>\n","protected":false},"featured_media":38807,"comment_status":"closed","ping_status":"closed","template":"","meta":{"inline_featured_image":false},"product_brand":[],"product_cat":[174,152,219,212],"product_tag":[],"class_list":{"0":"post-38806","1":"product","2":"type-product","3":"status-publish","4":"has-post-thumbnail","6":"product_cat-art-de-vivre","7":"product_cat-ecologie","8":"product_cat-sacs-art-de-vivre","9":"product_cat-sacs-ecologie","11":"first","12":"instock","13":"shipping-taxable","14":"purchasable","15":"product-type-simple"},"aioseo_notices":[],"_links":{"self":[{"href":"https:\/\/prestige-e.com\/fr\/wp-json\/wp\/v2\/product\/38806","targetHints":{"allow":["GET"]}}],"collection":[{"href":"https:\/\/prestige-e.com\/fr\/wp-json\/wp\/v2\/product"}],"about":[{"href":"https:\/\/prestige-e.com\/fr\/wp-json\/wp\/v2\/types\/product"}],"replies":[{"embeddable":true,"href":"https:\/\/prestige-e.com\/fr\/wp-json\/wp\/v2\/comments?post=38806"}],"wp:featuredmedia":[{"embeddable":true,"href":"https:\/\/prestige-e.com\/fr\/wp-json\/wp\/v2\/media\/38807"}],"wp:attachment":[{"href":"https:\/\/prestige-e.com\/fr\/wp-json\/wp\/v2\/media?parent=38806"}],"wp:term":[{"taxonomy":"product_brand","embeddable":true,"href":"https:\/\/prestige-e.com\/fr\/wp-json\/wp\/v2\/product_brand?post=38806"},{"taxonomy":"product_cat","embeddable":true,"href":"https:\/\/prestige-e.com\/fr\/wp-json\/wp\/v2\/product_cat?post=38806"},{"taxonomy":"product_tag","embeddable":true,"href":"https:\/\/prestige-e.com\/fr\/wp-json\/wp\/v2\/product_tag?post=38806"}],"curies":[{"name":"wp","href":"https:\/\/api.w.org\/{rel}","templated":true}]}}