{"id":38803,"date":"2023-03-13T13:51:40","date_gmt":"2023-03-13T12:51:40","guid":{"rendered":"https:\/\/prestige-e.com\/product\/sac-a-dos-glaciere-vinga-parks\/"},"modified":"2025-11-27T13:26:43","modified_gmt":"2025-11-27T12:26:43","slug":"sac-a-dos-glaciere-vinga-parks","status":"publish","type":"product","link":"https:\/\/prestige-e.com\/fr\/produit\/sac-a-dos-glaciere-vinga-parks\/","title":{"rendered":"Sac \u00e0 dos glaci\u00e8re VINGA Parks"},"content":{"rendered":"","protected":false},"excerpt":{"rendered":"<p>Sac \u00e0 dos spacieux avec fonction de refroidissement et de nombreux compartiments. Polyester 600D.<br \/>\nFacile \u00e0 nettoyer<br \/>\nLa doublure PEVA garantit que les fuites et d\u00e9versements restent \u00e0 l&rsquo;int\u00e9rieur de la glaci\u00e8re<br \/>\nCompartiment lat\u00e9ral pour bouteille<br \/>\nFacile \u00e0 transporter<br \/>\nFonction 2-en-1 <\/p>\n<p><strong><u>Dimensions<\/u><\/strong> : 32 x 17 x 42,5 cm<\/p>\n<p><strong><u>Mati\u00e8re<\/u><\/strong> : polyester<\/p>\n","protected":false},"featured_media":38804,"comment_status":"closed","ping_status":"closed","template":"","meta":{"inline_featured_image":false},"product_brand":[],"product_cat":[174,219],"product_tag":[],"class_list":{"0":"post-38803","1":"product","2":"type-product","3":"status-publish","4":"has-post-thumbnail","6":"product_cat-art-de-vivre","7":"product_cat-sacs-art-de-vivre","9":"first","10":"instock","11":"shipping-taxable","12":"purchasable","13":"product-type-simple"},"aioseo_notices":[],"_links":{"self":[{"href":"https:\/\/prestige-e.com\/fr\/wp-json\/wp\/v2\/product\/38803","targetHints":{"allow":["GET"]}}],"collection":[{"href":"https:\/\/prestige-e.com\/fr\/wp-json\/wp\/v2\/product"}],"about":[{"href":"https:\/\/prestige-e.com\/fr\/wp-json\/wp\/v2\/types\/product"}],"replies":[{"embeddable":true,"href":"https:\/\/prestige-e.com\/fr\/wp-json\/wp\/v2\/comments?post=38803"}],"wp:featuredmedia":[{"embeddable":true,"href":"https:\/\/prestige-e.com\/fr\/wp-json\/wp\/v2\/media\/38804"}],"wp:attachment":[{"href":"https:\/\/prestige-e.com\/fr\/wp-json\/wp\/v2\/media?parent=38803"}],"wp:term":[{"taxonomy":"product_brand","embeddable":true,"href":"https:\/\/prestige-e.com\/fr\/wp-json\/wp\/v2\/product_brand?post=38803"},{"taxonomy":"product_cat","embeddable":true,"href":"https:\/\/prestige-e.com\/fr\/wp-json\/wp\/v2\/product_cat?post=38803"},{"taxonomy":"product_tag","embeddable":true,"href":"https:\/\/prestige-e.com\/fr\/wp-json\/wp\/v2\/product_tag?post=38803"}],"curies":[{"name":"wp","href":"https:\/\/api.w.org\/{rel}","templated":true}]}}