{"id":38798,"date":"2023-03-13T14:19:10","date_gmt":"2023-03-13T13:19:10","guid":{"rendered":"https:\/\/prestige-e.com\/product\/panier-pique-nique-isotherme-midland\/"},"modified":"2025-11-27T13:26:43","modified_gmt":"2025-11-27T12:26:43","slug":"panier-pique-nique-isotherme-midland","status":"publish","type":"product","link":"https:\/\/prestige-e.com\/fr\/produit\/panier-pique-nique-isotherme-midland\/","title":{"rendered":"Panier pique-nique isotherme Midland"},"content":{"rendered":"","protected":false},"excerpt":{"rendered":"<p>Apportez du style \u00e0 vos moments de pique-nique avec cet \u00e9l\u00e9gant ensemble. Panier pique-nique isotherme en finition blanche, avec poign\u00e9es grises et sangles ajustables. Id\u00e9al pour deux personnes gr\u00e2ce \u00e0 ses deux services complets et ses multiples accessoires. Comprend un sac isotherme au design audacieux et original, avec int\u00e9rieur en aluminium isotherme. 12 pi\u00e8ces. 2 Services     <\/p>\n<p><strong><u>Dimensions<\/u><\/strong> : 39 x 26 x 19 cm<\/p>\n<p><strong><u>Mat\u00e9riaux<\/u><\/strong> : osier, polyester et aluminium<\/p>\n","protected":false},"featured_media":38800,"comment_status":"closed","ping_status":"closed","template":"","meta":{"inline_featured_image":false},"product_brand":[],"product_cat":[174,219],"product_tag":[],"class_list":{"0":"post-38798","1":"product","2":"type-product","3":"status-publish","4":"has-post-thumbnail","6":"product_cat-art-de-vivre","7":"product_cat-sacs-art-de-vivre","9":"first","10":"instock","11":"shipping-taxable","12":"purchasable","13":"product-type-simple"},"aioseo_notices":[],"_links":{"self":[{"href":"https:\/\/prestige-e.com\/fr\/wp-json\/wp\/v2\/product\/38798","targetHints":{"allow":["GET"]}}],"collection":[{"href":"https:\/\/prestige-e.com\/fr\/wp-json\/wp\/v2\/product"}],"about":[{"href":"https:\/\/prestige-e.com\/fr\/wp-json\/wp\/v2\/types\/product"}],"replies":[{"embeddable":true,"href":"https:\/\/prestige-e.com\/fr\/wp-json\/wp\/v2\/comments?post=38798"}],"wp:featuredmedia":[{"embeddable":true,"href":"https:\/\/prestige-e.com\/fr\/wp-json\/wp\/v2\/media\/38800"}],"wp:attachment":[{"href":"https:\/\/prestige-e.com\/fr\/wp-json\/wp\/v2\/media?parent=38798"}],"wp:term":[{"taxonomy":"product_brand","embeddable":true,"href":"https:\/\/prestige-e.com\/fr\/wp-json\/wp\/v2\/product_brand?post=38798"},{"taxonomy":"product_cat","embeddable":true,"href":"https:\/\/prestige-e.com\/fr\/wp-json\/wp\/v2\/product_cat?post=38798"},{"taxonomy":"product_tag","embeddable":true,"href":"https:\/\/prestige-e.com\/fr\/wp-json\/wp\/v2\/product_tag?post=38798"}],"curies":[{"name":"wp","href":"https:\/\/api.w.org\/{rel}","templated":true}]}}