{"id":38793,"date":"2023-03-14T08:37:05","date_gmt":"2023-03-14T07:37:05","guid":{"rendered":"https:\/\/prestige-e.com\/product\/sac-pour-ordinateur-en-toile-recyclee-rcs-vinga-bosler\/"},"modified":"2025-11-27T13:26:41","modified_gmt":"2025-11-27T12:26:41","slug":"sac-pour-ordinateur-en-toile-recyclee-rcs-vinga-bosler","status":"publish","type":"product","link":"https:\/\/prestige-e.com\/fr\/produit\/sac-pour-ordinateur-en-toile-recyclee-rcs-vinga-bosler\/","title":{"rendered":"Sac pour ordinateur en toile recycl\u00e9e RCS VINGA bosler"},"content":{"rendered":"","protected":false},"excerpt":{"rendered":"<p>Un sac polyvalent au design \u00e9pur\u00e9 et discret offrant un espace g\u00e9n\u00e9reux pour tous vos besoins. Cette sacoche rembourr\u00e9e pour ordinateur portable, adapt\u00e9e aux appareils jusqu&rsquo;\u00e0 17&Prime;, est parfaite pour les d\u00e9placements professionnels. Fabriqu\u00e9e avec 45 % de mat\u00e9riaux recycl\u00e9s. La bandouli\u00e8re ajustable et amovible vous permet de porter le sac \u00e0 l&rsquo;\u00e9paule ou au bras. Voyagez avec \u00e9l\u00e9gance quelle que soit l&rsquo;occasion ! Fabriqu\u00e9 avec des mat\u00e9riaux recycl\u00e9s certifi\u00e9s RCS (Recycled Claim Standard). La certification RCS garantit une cha\u00eene d&rsquo;approvisionnement enti\u00e8rement certifi\u00e9e pour les mat\u00e9riaux recycl\u00e9s. Le contenu recycl\u00e9 est calcul\u00e9 sur le poids total de l&rsquo;article. Convient aux ordinateurs portables d&rsquo;une taille totale de 17 pouces. Veuillez noter que les dimensions de l&rsquo;\u00e9cran ne correspondent pas aux dimensions totales de l&rsquo;ordinateur portable.         <\/p>\n<p><strong><u>Dimensions<\/u><\/strong> : 30 x 9 x 40 cm<\/p>\n<p><strong><u>Mat\u00e9riau<\/u><\/strong> : Toile recycl\u00e9e<\/p>\n","protected":false},"featured_media":38796,"comment_status":"closed","ping_status":"closed","template":"","meta":{"inline_featured_image":false},"product_brand":[],"product_cat":[146,152,227,212],"product_tag":[],"class_list":{"0":"post-38793","1":"product","2":"type-product","3":"status-publish","4":"has-post-thumbnail","6":"product_cat-articles-de-bureau","7":"product_cat-ecologie","8":"product_cat-sacs-bureau","9":"product_cat-sacs-ecologie","11":"first","12":"instock","13":"shipping-taxable","14":"purchasable","15":"product-type-simple"},"aioseo_notices":[],"_links":{"self":[{"href":"https:\/\/prestige-e.com\/fr\/wp-json\/wp\/v2\/product\/38793","targetHints":{"allow":["GET"]}}],"collection":[{"href":"https:\/\/prestige-e.com\/fr\/wp-json\/wp\/v2\/product"}],"about":[{"href":"https:\/\/prestige-e.com\/fr\/wp-json\/wp\/v2\/types\/product"}],"replies":[{"embeddable":true,"href":"https:\/\/prestige-e.com\/fr\/wp-json\/wp\/v2\/comments?post=38793"}],"wp:featuredmedia":[{"embeddable":true,"href":"https:\/\/prestige-e.com\/fr\/wp-json\/wp\/v2\/media\/38796"}],"wp:attachment":[{"href":"https:\/\/prestige-e.com\/fr\/wp-json\/wp\/v2\/media?parent=38793"}],"wp:term":[{"taxonomy":"product_brand","embeddable":true,"href":"https:\/\/prestige-e.com\/fr\/wp-json\/wp\/v2\/product_brand?post=38793"},{"taxonomy":"product_cat","embeddable":true,"href":"https:\/\/prestige-e.com\/fr\/wp-json\/wp\/v2\/product_cat?post=38793"},{"taxonomy":"product_tag","embeddable":true,"href":"https:\/\/prestige-e.com\/fr\/wp-json\/wp\/v2\/product_tag?post=38793"}],"curies":[{"name":"wp","href":"https:\/\/api.w.org\/{rel}","templated":true}]}}