{"id":38783,"date":"2023-03-13T14:23:09","date_gmt":"2023-03-13T13:23:09","guid":{"rendered":"https:\/\/prestige-e.com\/product\/denim-bpack-sac-a-dos-en-coton-denim-300-g-m%c2%b2\/"},"modified":"2025-11-27T13:26:42","modified_gmt":"2025-11-27T12:26:42","slug":"denim-bpack-sac-a-dos-en-coton-denim-300-g-m%c2%b2","status":"publish","type":"product","link":"https:\/\/prestige-e.com\/fr\/produit\/denim-bpack-sac-a-dos-en-coton-denim-300-g-m%c2%b2\/","title":{"rendered":"DENIM BPACK. Sac \u00e0 dos en coton denim (300 g\/m\u00b2)"},"content":{"rendered":"","protected":false},"excerpt":{"rendered":"<p>Sac \u00e0 dos d\u00e9contract\u00e9 en denim (300 g\/m\u00b2). Dot\u00e9 de deux poches avant et de sangles r\u00e9glables en coton. Coutures int\u00e9rieures renforc\u00e9es pour une r\u00e9sistance accrue. Capacit\u00e9 jusqu&rsquo;\u00e0 8 L.   <\/p>\n<p><strong><u>Dimension<\/u><\/strong> : 29 x 40 x 13 cm<\/p>\n<p><strong><u>Mat\u00e9riau<\/u><\/strong> : coton<\/p>\n","protected":false},"featured_media":38786,"comment_status":"closed","ping_status":"closed","template":"","meta":{"inline_featured_image":false},"product_brand":[],"product_cat":[146,227,224,189],"product_tag":[],"class_list":{"0":"post-38783","1":"product","2":"type-product","3":"status-publish","4":"has-post-thumbnail","6":"product_cat-articles-de-bureau","7":"product_cat-sacs-bureau","8":"product_cat-sacs-voyage","9":"product_cat-voyage","11":"first","12":"instock","13":"shipping-taxable","14":"purchasable","15":"product-type-simple"},"aioseo_notices":[],"_links":{"self":[{"href":"https:\/\/prestige-e.com\/fr\/wp-json\/wp\/v2\/product\/38783","targetHints":{"allow":["GET"]}}],"collection":[{"href":"https:\/\/prestige-e.com\/fr\/wp-json\/wp\/v2\/product"}],"about":[{"href":"https:\/\/prestige-e.com\/fr\/wp-json\/wp\/v2\/types\/product"}],"replies":[{"embeddable":true,"href":"https:\/\/prestige-e.com\/fr\/wp-json\/wp\/v2\/comments?post=38783"}],"wp:featuredmedia":[{"embeddable":true,"href":"https:\/\/prestige-e.com\/fr\/wp-json\/wp\/v2\/media\/38786"}],"wp:attachment":[{"href":"https:\/\/prestige-e.com\/fr\/wp-json\/wp\/v2\/media?parent=38783"}],"wp:term":[{"taxonomy":"product_brand","embeddable":true,"href":"https:\/\/prestige-e.com\/fr\/wp-json\/wp\/v2\/product_brand?post=38783"},{"taxonomy":"product_cat","embeddable":true,"href":"https:\/\/prestige-e.com\/fr\/wp-json\/wp\/v2\/product_cat?post=38783"},{"taxonomy":"product_tag","embeddable":true,"href":"https:\/\/prestige-e.com\/fr\/wp-json\/wp\/v2\/product_tag?post=38783"}],"curies":[{"name":"wp","href":"https:\/\/api.w.org\/{rel}","templated":true}]}}